{"id":3695,"date":"2023-07-31T17:23:06","date_gmt":"2023-07-31T15:23:06","guid":{"rendered":"https:\/\/eckankar-ci.org\/?page_id=3695"},"modified":"2023-08-06T16:41:34","modified_gmt":"2023-08-06T14:41:34","slug":"services-du-clerge-eck","status":"publish","type":"page","link":"https:\/\/eckankar-ci.org\/services-du-clerge-eck\/","title":{"rendered":"Membre du clerg\u00e9"},"content":{"rendered":"\t\t<div data-elementor-type=\"wp-page\" data-elementor-id=\"3695\" class=\"elementor elementor-3695\">\n\t\t\t\t<div class=\"elementor-element elementor-element-2d6d9ef e-flex e-con-boxed wpr-particle-no wpr-jarallax-no wpr-parallax-no wpr-sticky-section-no e-con e-parent\" data-id=\"2d6d9ef\" data-element_type=\"container\" data-e-type=\"container\">\n\t\t\t\t\t<div class=\"e-con-inner\">\n\t\t\t\t<div class=\"elementor-element elementor-element-45a2aba elementor-widget elementor-widget-ucaddon_transparent_split_hero\" data-id=\"45a2aba\" data-element_type=\"widget\" data-e-type=\"widget\" data-widget_type=\"ucaddon_transparent_split_hero.default\">\n\t\t\t\t<div class=\"elementor-widget-container\">\n\t\t\t\t\t\n<!-- start Transparent Split Hero -->\n\t\t<link id='uc_ac_assets_file_uc_photography_header_css_0-css' href='https:\/\/eckankar-ci.org\/wp-content\/uploads\/ac_assets\/uc_photography_header\/uc_photography_header.css' type='text\/css' rel='stylesheet' >\n\n<style>\/* widget: Transparent Split Hero *\/\n\n.uc_photography_header *{\n\tmargin:0;\n\tpadding:0;\n\t-webkit-box-sizing: border-box;\n\t-moz-box-sizing: border-box;\n\tbox-sizing: border-box;\n\t\n}\n#uc_transparent_split_hero_elementor_45a2aba\n{\n\tposition:relative;\n\twidth:100%;\n    background-position:center;\n    background-size:cover;\n    background-image:url(https:\/\/eckankar-ci.org\/wp-content\/uploads\/2023\/04\/Image20230405164526.jpg);\n    display:flex;\n    overflow:hidden;\n    \n}\n\n#uc_transparent_split_hero_elementor_45a2aba > div\n{\n  height:100%;\n  display:flex;\n    align-items:center;\n}\n\n.uc_photography_header .uc_container_text_box{ \n  text-align:left;\n}\n\n.uc_photography_header .uc_subtitle\n{\n  font-size:42px;\n}\n\n.uc_photography_header .uc_container_text_box a{\n\tborder-style:solid;\n\tdisplay:inline-block;\n}\n\n<\/style>\n\n<div class=\"uc_photography_header\" id=\"uc_transparent_split_hero_elementor_45a2aba\">    \t      \n  <div class=\"uc_container_text_box\">  \n  <div>\n        <h3 class=\"uc_title\">Services du clerg\u00e9 ECK<\/h3>\n        <div class=\"uc_subtitle\"><\/div>\n        <div class=\"uc_text\"><\/div>\n        <a class=\"uc_btn\" href=\"\" ><\/a>\n    <\/div>\n  <\/div>\n<\/div>\n<!-- end Transparent Split Hero -->\t\t\t\t<\/div>\n\t\t\t\t<\/div>\n\t\t\t\t\t<\/div>\n\t\t\t\t<\/div>\n\t\t<div class=\"elementor-element elementor-element-4422a72 e-flex e-con-boxed wpr-particle-no wpr-jarallax-no wpr-parallax-no wpr-sticky-section-no e-con e-parent\" data-id=\"4422a72\" data-element_type=\"container\" data-e-type=\"container\">\n\t\t\t\t\t<div class=\"e-con-inner\">\n\t\t\t\t<div class=\"elementor-element elementor-element-655f1e6 elementor-widget elementor-widget-text-editor\" data-id=\"655f1e6\" data-element_type=\"widget\" data-e-type=\"widget\" data-widget_type=\"text-editor.default\">\n\t\t\t\t<div class=\"elementor-widget-container\">\n\t\t\t\t\t\t\t\t\t<p style=\"text-align: center;\"><span style=\"color: #1e2d5e;\">Les membres du clerg\u00e9 ECK sont disponibles pour c\u00e9l\u00e9brer une vari\u00e9t\u00e9 de c\u00e9r\u00e9monies et de services spirituels ECK.<\/span><\/p>\t\t\t\t\t\t\t\t<\/div>\n\t\t\t\t<\/div>\n\t\t\t\t\t<\/div>\n\t\t\t\t<\/div>\n\t\t<div class=\"elementor-element elementor-element-e8615ea e-flex e-con-boxed wpr-particle-no wpr-jarallax-no wpr-parallax-no wpr-sticky-section-no e-con e-parent\" data-id=\"e8615ea\" data-element_type=\"container\" data-e-type=\"container\">\n\t\t\t\t\t<div class=\"e-con-inner\">\n\t\t<div class=\"elementor-element elementor-element-69c549a e-con-full e-flex wpr-particle-no wpr-jarallax-no wpr-parallax-no wpr-sticky-section-no e-con e-parent\" data-id=\"69c549a\" data-element_type=\"container\" data-e-type=\"container\">\n\t\t\t\t<div class=\"elementor-element elementor-element-fcfbd67 elementor-widget elementor-widget-text-editor\" data-id=\"fcfbd67\" data-element_type=\"widget\" data-e-type=\"widget\" data-widget_type=\"text-editor.default\">\n\t\t\t\t<div class=\"elementor-widget-container\">\n\t\t\t\t\t\t\t\t\t<h3 style=\"text-align: center;\">Clerg\u00e9 ECK<\/h3><p>Les membres du clerg\u00e9 sont disponibles pour c\u00e9l\u00e9brer les offices ECK de la Lumi\u00e8re et du Son et conduire les quatre c\u00e9r\u00e9monies ECK en l\u2019honneur de la vie. Ce sont :<br \/>1. C\u00e9r\u00e9monie de cons\u00e9cration ECK<br \/>2. C\u00e9r\u00e9monie du rite de passage<br \/>3. C\u00e9r\u00e9monie de mariage ECK<br \/>4. C\u00e9r\u00e9monie du souvenir ECK<br \/>Les chelas et les non-membres peuvent contacter l\u2019un des membres du clerg\u00e9 pour solliciter ces c\u00e9r\u00e9monies ECK qui sont accessibles \u00e0 tous.<\/p>\t\t\t\t\t\t\t\t<\/div>\n\t\t\t\t<\/div>\n\t\t\t\t<\/div>\n\t\t<div class=\"elementor-element elementor-element-1c57344 e-con-full e-flex wpr-particle-no wpr-jarallax-no wpr-parallax-no wpr-sticky-section-no e-con e-parent\" data-id=\"1c57344\" data-element_type=\"container\" data-e-type=\"container\">\n\t\t\t\t<div class=\"elementor-element elementor-element-59ef9fd elementor-widget elementor-widget-text-editor\" data-id=\"59ef9fd\" data-element_type=\"widget\" data-e-type=\"widget\" data-widget_type=\"text-editor.default\">\n\t\t\t\t<div class=\"elementor-widget-container\">\n\t\t\t\t\t\t\t\t\t<h3 style=\"text-align: center;\">Initiateurs ECK<\/h3><p>Lorsque le chela re\u00e7oit une fiche rose de la part du Ma\u00eetre ECK Vivant l\u2019invitant \u00e0 une nouvelle initiation, celui-ci devra contacter un initiateur ECK qui est un membre du clerg\u00e9 qualifi\u00e9 et entrain\u00e9 pour faciliter cette opportunit\u00e9 unique d\u2019obtenir plus de Lumi\u00e8re et de Son dans sa vie.<br \/>Chaque initiation est une occasion sacr\u00e9e et joyeuse pour le chercheur spirituel, car elle apporte une connaissance et un amour\u00a0 toujours plus croissant de Dieu.<br \/>Le Mahanta relie L\u2019Ame directement au ECK, l&#8217;Esprit Divin, pour la lib\u00e9ration spirituelle dans cette vie.<\/p>\t\t\t\t\t\t\t\t<\/div>\n\t\t\t\t<\/div>\n\t\t\t\t<\/div>\n\t\t<div class=\"elementor-element elementor-element-4380214 e-con-full e-flex wpr-particle-no wpr-jarallax-no wpr-parallax-no wpr-sticky-section-no e-con e-parent\" data-id=\"4380214\" data-element_type=\"container\" data-e-type=\"container\">\n\t\t\t\t<div class=\"elementor-element elementor-element-2a27b79 elementor-widget elementor-widget-text-editor\" data-id=\"2a27b79\" data-element_type=\"widget\" data-e-type=\"widget\" data-widget_type=\"text-editor.default\">\n\t\t\t\t<div class=\"elementor-widget-container\">\n\t\t\t\t\t\t\t\t\t<h3 style=\"text-align: center;\">Aides spirituels ECK<\/h3><p>Une session d\u2019aide spirituel ECK peut aider un individu \u00e0 trouver ses propres r\u00e9ponses \u00e0 des pr\u00e9occupations d\u2019ordre spirituelles et \u00e0 d\u2019autres situations difficiles de la vie, gr\u00e2ce \u00e0 l&#8217;aide de l&#8217;Esprit Divin. Un ESA est un membre du clerg\u00e9 entrain\u00e9 et qualifi\u00e9 pour conduire les sessions d\u2019aide spirituel. L\u2019ESA n&#8217;offre pas de conseils mais \u00e9coute simplement comme un v\u00e9hicule pour le Saint-Esprit.<\/p>\t\t\t\t\t\t\t\t<\/div>\n\t\t\t\t<\/div>\n\t\t\t\t<\/div>\n\t\t\t\t\t<\/div>\n\t\t\t\t<\/div>\n\t\t<div class=\"elementor-element elementor-element-0081c19 e-flex e-con-boxed wpr-particle-no wpr-jarallax-no wpr-parallax-no wpr-sticky-section-no e-con e-parent\" data-id=\"0081c19\" data-element_type=\"container\" data-e-type=\"container\">\n\t\t\t\t\t<div class=\"e-con-inner\">\n\t\t\t\t<div class=\"elementor-element elementor-element-e3a2492 elementor-align-center elementor-widget elementor-widget-button\" data-id=\"e3a2492\" data-element_type=\"widget\" data-e-type=\"widget\" data-widget_type=\"button.default\">\n\t\t\t\t<div class=\"elementor-widget-container\">\n\t\t\t\t\t\t\t\t\t<div class=\"elementor-button-wrapper\">\n\t\t\t\t\t<a class=\"elementor-button elementor-button-link elementor-size-sm\" href=\"https:\/\/eckankar-ci.org\/wp-content\/uploads\/2023\/07\/Liste-clerge-ECK.pdf\" target=\"_blank\" rel=\"nofollow\">\n\t\t\t\t\t\t<span class=\"elementor-button-content-wrapper\">\n\t\t\t\t\t\t\t\t\t<span class=\"elementor-button-text\">Consulter ici la liste des membres du clerg\u00e9 ECK que vous pouvez contacter.<\/span>\n\t\t\t\t\t<\/span>\n\t\t\t\t\t<\/a>\n\t\t\t\t<\/div>\n\t\t\t\t\t\t\t\t<\/div>\n\t\t\t\t<\/div>\n\t\t\t\t\t<\/div>\n\t\t\t\t<\/div>\n\t\t<div class=\"elementor-element elementor-element-6e83385 e-flex e-con-boxed wpr-particle-no wpr-jarallax-no wpr-parallax-no wpr-sticky-section-no e-con e-parent\" data-id=\"6e83385\" data-element_type=\"container\" data-e-type=\"container\">\n\t\t\t\t\t<div class=\"e-con-inner\">\n\t\t<div class=\"elementor-element elementor-element-c2fa739 e-flex e-con-boxed wpr-particle-no wpr-jarallax-no wpr-parallax-no wpr-sticky-section-no e-con e-parent\" data-id=\"c2fa739\" data-element_type=\"container\" data-e-type=\"container\">\n\t\t\t\t\t<div class=\"e-con-inner\">\n\t\t\t\t\t<\/div>\n\t\t\t\t<\/div>\n\t\t\t\t\t<\/div>\n\t\t\t\t<\/div>\n\t\t\t\t<\/div>\n\t\t","protected":false},"excerpt":{"rendered":"<p>Services du clerg\u00e9 ECK Les membres du clerg\u00e9 ECK sont disponibles pour c\u00e9l\u00e9brer une vari\u00e9t\u00e9 de c\u00e9r\u00e9monies et de services spirituels ECK. Clerg\u00e9 ECK Les membres du clerg\u00e9 sont disponibles pour c\u00e9l\u00e9brer les offices ECK de la Lumi\u00e8re et du Son et conduire les quatre c\u00e9r\u00e9monies ECK en l\u2019honneur de la vie. Ce sont :1.<\/p>\n","protected":false},"author":1,"featured_media":0,"parent":0,"menu_order":0,"comment_status":"closed","ping_status":"closed","template":"","meta":{"_acf_changed":false,"_eb_attr":"","_monsterinsights_skip_tracking":false,"_monsterinsights_sitenote_active":false,"_monsterinsights_sitenote_note":"","_monsterinsights_sitenote_category":0,"site-sidebar-layout":"no-sidebar","site-content-layout":"page-builder","ast-site-content-layout":"default","site-content-style":"default","site-sidebar-style":"default","ast-global-header-display":"","ast-banner-title-visibility":"","ast-main-header-display":"","ast-hfb-above-header-display":"","ast-hfb-below-header-display":"","ast-hfb-mobile-header-display":"","site-post-title":"disabled","ast-breadcrumbs-content":"","ast-featured-img":"disabled","footer-sml-layout":"","theme-transparent-header-meta":"","adv-header-id-meta":"","stick-header-meta":"","header-above-stick-meta":"","header-main-stick-meta":"","header-below-stick-meta":"","astra-migrate-meta-layouts":"default","ast-page-background-enabled":"default","ast-page-background-meta":{"desktop":{"background-color":"var(--ast-global-color-4)","background-image":"","background-repeat":"repeat","background-position":"center center","background-size":"auto","background-attachment":"scroll","background-type":"","background-media":"","overlay-type":"","overlay-color":"","overlay-opacity":"","overlay-gradient":""},"tablet":{"background-color":"","background-image":"","background-repeat":"repeat","background-position":"center center","background-size":"auto","background-attachment":"scroll","background-type":"","background-media":"","overlay-type":"","overlay-color":"","overlay-opacity":"","overlay-gradient":""},"mobile":{"background-color":"","background-image":"","background-repeat":"repeat","background-position":"center center","background-size":"auto","background-attachment":"scroll","background-type":"","background-media":"","overlay-type":"","overlay-color":"","overlay-opacity":"","overlay-gradient":""}},"ast-content-background-meta":{"desktop":{"background-color":"var(--ast-global-color-5)","background-image":"","background-repeat":"repeat","background-position":"center center","background-size":"auto","background-attachment":"scroll","background-type":"","background-media":"","overlay-type":"","overlay-color":"","overlay-opacity":"","overlay-gradient":""},"tablet":{"background-color":"var(--ast-global-color-5)","background-image":"","background-repeat":"repeat","background-position":"center center","background-size":"auto","background-attachment":"scroll","background-type":"","background-media":"","overlay-type":"","overlay-color":"","overlay-opacity":"","overlay-gradient":""},"mobile":{"background-color":"var(--ast-global-color-5)","background-image":"","background-repeat":"repeat","background-position":"center center","background-size":"auto","background-attachment":"scroll","background-type":"","background-media":"","overlay-type":"","overlay-color":"","overlay-opacity":"","overlay-gradient":""}},"_price":"","_stock":"","_tribe_ticket_header":"","_tribe_default_ticket_provider":"","_tribe_ticket_capacity":"0","_ticket_start_date":"","_ticket_end_date":"","_tribe_ticket_show_description":"","_tribe_ticket_show_not_going":false,"_tribe_ticket_use_global_stock":"","_tribe_ticket_global_stock_level":"","_global_stock_mode":"","_global_stock_cap":"","_tribe_rsvp_for_event":"","_tribe_ticket_going_count":"","_tribe_ticket_not_going_count":"","_tribe_tickets_list":"[]","_tribe_ticket_has_attendee_info_fields":false,"footnotes":"","_tec_slr_enabled":"","_tec_slr_layout":""},"class_list":["post-3695","page","type-page","status-publish","hentry"],"acf":[],"yoast_head":"<!-- This site is optimized with the Yoast SEO plugin v26.4 - https:\/\/yoast.com\/wordpress\/plugins\/seo\/ -->\n<title>Membre du clerg\u00e9 -<\/title>\n<meta name=\"robots\" content=\"index, follow, max-snippet:-1, max-image-preview:large, max-video-preview:-1\" \/>\n<link rel=\"canonical\" href=\"https:\/\/eckankar-ci.org\/services-du-clerge-eck\/\" \/>\n<meta property=\"og:locale\" content=\"fr_FR\" \/>\n<meta property=\"og:type\" content=\"article\" \/>\n<meta property=\"og:title\" content=\"Membre du clerg\u00e9 -\" \/>\n<meta property=\"og:description\" content=\"Services du clerg\u00e9 ECK Les membres du clerg\u00e9 ECK sont disponibles pour c\u00e9l\u00e9brer une vari\u00e9t\u00e9 de c\u00e9r\u00e9monies et de services spirituels ECK. Clerg\u00e9 ECK Les membres du clerg\u00e9 sont disponibles pour c\u00e9l\u00e9brer les offices ECK de la Lumi\u00e8re et du Son et conduire les quatre c\u00e9r\u00e9monies ECK en l\u2019honneur de la vie. Ce sont :1.\" \/>\n<meta property=\"og:url\" content=\"https:\/\/eckankar-ci.org\/services-du-clerge-eck\/\" \/>\n<meta property=\"article:modified_time\" content=\"2023-08-06T14:41:34+00:00\" \/>\n<meta name=\"twitter:card\" content=\"summary_large_image\" \/>\n<meta name=\"twitter:label1\" content=\"Dur\u00e9e de lecture estim\u00e9e\" \/>\n\t<meta name=\"twitter:data1\" content=\"2 minutes\" \/>\n<script type=\"application\/ld+json\" class=\"yoast-schema-graph\">{\"@context\":\"https:\/\/schema.org\",\"@graph\":[{\"@type\":\"WebPage\",\"@id\":\"https:\/\/eckankar-ci.org\/services-du-clerge-eck\/\",\"url\":\"https:\/\/eckankar-ci.org\/services-du-clerge-eck\/\",\"name\":\"Membre du clerg\u00e9 -\",\"isPartOf\":{\"@id\":\"https:\/\/eckankar-ci.org\/#website\"},\"datePublished\":\"2023-07-31T15:23:06+00:00\",\"dateModified\":\"2023-08-06T14:41:34+00:00\",\"breadcrumb\":{\"@id\":\"https:\/\/eckankar-ci.org\/services-du-clerge-eck\/#breadcrumb\"},\"inLanguage\":\"fr-FR\",\"potentialAction\":[{\"@type\":\"ReadAction\",\"target\":[\"https:\/\/eckankar-ci.org\/services-du-clerge-eck\/\"]}]},{\"@type\":\"BreadcrumbList\",\"@id\":\"https:\/\/eckankar-ci.org\/services-du-clerge-eck\/#breadcrumb\",\"itemListElement\":[{\"@type\":\"ListItem\",\"position\":1,\"name\":\"Accueil\",\"item\":\"https:\/\/eckankar-ci.org\/\"},{\"@type\":\"ListItem\",\"position\":2,\"name\":\"Membre du clerg\u00e9\"}]},{\"@type\":\"WebSite\",\"@id\":\"https:\/\/eckankar-ci.org\/#website\",\"url\":\"https:\/\/eckankar-ci.org\/\",\"name\":\"ECKANKAR COTE D'IVOIRE\",\"description\":\"\",\"publisher\":{\"@id\":\"https:\/\/eckankar-ci.org\/#organization\"},\"potentialAction\":[{\"@type\":\"SearchAction\",\"target\":{\"@type\":\"EntryPoint\",\"urlTemplate\":\"https:\/\/eckankar-ci.org\/?s={search_term_string}\"},\"query-input\":{\"@type\":\"PropertyValueSpecification\",\"valueRequired\":true,\"valueName\":\"search_term_string\"}}],\"inLanguage\":\"fr-FR\"},{\"@type\":\"Organization\",\"@id\":\"https:\/\/eckankar-ci.org\/#organization\",\"name\":\"ECKANKAR COTE D'IVOIRE\",\"url\":\"https:\/\/eckankar-ci.org\/\",\"logo\":{\"@type\":\"ImageObject\",\"inLanguage\":\"fr-FR\",\"@id\":\"https:\/\/eckankar-ci.org\/#\/schema\/logo\/image\/\",\"url\":\"https:\/\/eckankar-ci.org\/wp-content\/uploads\/2017\/11\/cropped-EK-Logo_Hrz_blue_gold_FINAL.png\",\"contentUrl\":\"https:\/\/eckankar-ci.org\/wp-content\/uploads\/2017\/11\/cropped-EK-Logo_Hrz_blue_gold_FINAL.png\",\"width\":689,\"height\":154,\"caption\":\"ECKANKAR COTE D'IVOIRE\"},\"image\":{\"@id\":\"https:\/\/eckankar-ci.org\/#\/schema\/logo\/image\/\"}}]}<\/script>\n<!-- \/ Yoast SEO plugin. -->","yoast_head_json":{"title":"Membre du clerg\u00e9 -","robots":{"index":"index","follow":"follow","max-snippet":"max-snippet:-1","max-image-preview":"max-image-preview:large","max-video-preview":"max-video-preview:-1"},"canonical":"https:\/\/eckankar-ci.org\/services-du-clerge-eck\/","og_locale":"fr_FR","og_type":"article","og_title":"Membre du clerg\u00e9 -","og_description":"Services du clerg\u00e9 ECK Les membres du clerg\u00e9 ECK sont disponibles pour c\u00e9l\u00e9brer une vari\u00e9t\u00e9 de c\u00e9r\u00e9monies et de services spirituels ECK. Clerg\u00e9 ECK Les membres du clerg\u00e9 sont disponibles pour c\u00e9l\u00e9brer les offices ECK de la Lumi\u00e8re et du Son et conduire les quatre c\u00e9r\u00e9monies ECK en l\u2019honneur de la vie. Ce sont :1.","og_url":"https:\/\/eckankar-ci.org\/services-du-clerge-eck\/","article_modified_time":"2023-08-06T14:41:34+00:00","twitter_card":"summary_large_image","twitter_misc":{"Dur\u00e9e de lecture estim\u00e9e":"2 minutes"},"schema":{"@context":"https:\/\/schema.org","@graph":[{"@type":"WebPage","@id":"https:\/\/eckankar-ci.org\/services-du-clerge-eck\/","url":"https:\/\/eckankar-ci.org\/services-du-clerge-eck\/","name":"Membre du clerg\u00e9 -","isPartOf":{"@id":"https:\/\/eckankar-ci.org\/#website"},"datePublished":"2023-07-31T15:23:06+00:00","dateModified":"2023-08-06T14:41:34+00:00","breadcrumb":{"@id":"https:\/\/eckankar-ci.org\/services-du-clerge-eck\/#breadcrumb"},"inLanguage":"fr-FR","potentialAction":[{"@type":"ReadAction","target":["https:\/\/eckankar-ci.org\/services-du-clerge-eck\/"]}]},{"@type":"BreadcrumbList","@id":"https:\/\/eckankar-ci.org\/services-du-clerge-eck\/#breadcrumb","itemListElement":[{"@type":"ListItem","position":1,"name":"Accueil","item":"https:\/\/eckankar-ci.org\/"},{"@type":"ListItem","position":2,"name":"Membre du clerg\u00e9"}]},{"@type":"WebSite","@id":"https:\/\/eckankar-ci.org\/#website","url":"https:\/\/eckankar-ci.org\/","name":"ECKANKAR COTE D'IVOIRE","description":"","publisher":{"@id":"https:\/\/eckankar-ci.org\/#organization"},"potentialAction":[{"@type":"SearchAction","target":{"@type":"EntryPoint","urlTemplate":"https:\/\/eckankar-ci.org\/?s={search_term_string}"},"query-input":{"@type":"PropertyValueSpecification","valueRequired":true,"valueName":"search_term_string"}}],"inLanguage":"fr-FR"},{"@type":"Organization","@id":"https:\/\/eckankar-ci.org\/#organization","name":"ECKANKAR COTE D'IVOIRE","url":"https:\/\/eckankar-ci.org\/","logo":{"@type":"ImageObject","inLanguage":"fr-FR","@id":"https:\/\/eckankar-ci.org\/#\/schema\/logo\/image\/","url":"https:\/\/eckankar-ci.org\/wp-content\/uploads\/2017\/11\/cropped-EK-Logo_Hrz_blue_gold_FINAL.png","contentUrl":"https:\/\/eckankar-ci.org\/wp-content\/uploads\/2017\/11\/cropped-EK-Logo_Hrz_blue_gold_FINAL.png","width":689,"height":154,"caption":"ECKANKAR COTE D'IVOIRE"},"image":{"@id":"https:\/\/eckankar-ci.org\/#\/schema\/logo\/image\/"}}]}},"ticketed":false,"_links":{"self":[{"href":"https:\/\/eckankar-ci.org\/wp-json\/wp\/v2\/pages\/3695","targetHints":{"allow":["GET"]}}],"collection":[{"href":"https:\/\/eckankar-ci.org\/wp-json\/wp\/v2\/pages"}],"about":[{"href":"https:\/\/eckankar-ci.org\/wp-json\/wp\/v2\/types\/page"}],"author":[{"embeddable":true,"href":"https:\/\/eckankar-ci.org\/wp-json\/wp\/v2\/users\/1"}],"replies":[{"embeddable":true,"href":"https:\/\/eckankar-ci.org\/wp-json\/wp\/v2\/comments?post=3695"}],"version-history":[{"count":54,"href":"https:\/\/eckankar-ci.org\/wp-json\/wp\/v2\/pages\/3695\/revisions"}],"predecessor-version":[{"id":3969,"href":"https:\/\/eckankar-ci.org\/wp-json\/wp\/v2\/pages\/3695\/revisions\/3969"}],"wp:attachment":[{"href":"https:\/\/eckankar-ci.org\/wp-json\/wp\/v2\/media?parent=3695"}],"curies":[{"name":"wp","href":"https:\/\/api.w.org\/{rel}","templated":true}]}}