{"id":3841,"date":"2023-08-04T16:19:34","date_gmt":"2023-08-04T14:19:34","guid":{"rendered":"https:\/\/eckankar-ci.org\/?page_id=3841"},"modified":"2023-08-06T17:02:06","modified_gmt":"2023-08-06T15:02:06","slug":"donation-eck","status":"publish","type":"page","link":"https:\/\/eckankar-ci.org\/donation-eck\/","title":{"rendered":"Donation ECK"},"content":{"rendered":"\t\t<div data-elementor-type=\"wp-page\" data-elementor-id=\"3841\" class=\"elementor elementor-3841\">\n\t\t\t\t<div class=\"elementor-element elementor-element-2d6d9ef e-flex e-con-boxed wpr-particle-no wpr-jarallax-no wpr-parallax-no wpr-sticky-section-no e-con e-parent\" data-id=\"2d6d9ef\" data-element_type=\"container\" data-e-type=\"container\">\n\t\t\t\t\t<div class=\"e-con-inner\">\n\t\t\t\t<div class=\"elementor-element elementor-element-45a2aba elementor-widget elementor-widget-ucaddon_transparent_split_hero\" data-id=\"45a2aba\" data-element_type=\"widget\" data-e-type=\"widget\" data-widget_type=\"ucaddon_transparent_split_hero.default\">\n\t\t\t\t<div class=\"elementor-widget-container\">\n\t\t\t\t\t\n<!-- start Transparent Split Hero -->\n\t\t<link id='uc_ac_assets_file_uc_photography_header_css_0-css' href='https:\/\/eckankar-ci.org\/wp-content\/uploads\/ac_assets\/uc_photography_header\/uc_photography_header.css' type='text\/css' rel='stylesheet' >\n\n<style>\/* widget: Transparent Split Hero *\/\n\n.uc_photography_header *{\n\tmargin:0;\n\tpadding:0;\n\t-webkit-box-sizing: border-box;\n\t-moz-box-sizing: border-box;\n\tbox-sizing: border-box;\n\t\n}\n#uc_transparent_split_hero_elementor_45a2aba\n{\n\tposition:relative;\n\twidth:100%;\n    background-position:center;\n    background-size:cover;\n    background-image:url(https:\/\/eckankar-ci.org\/wp-content\/uploads\/2023\/04\/Image20230405164526.jpg);\n    display:flex;\n    overflow:hidden;\n    \n}\n\n#uc_transparent_split_hero_elementor_45a2aba > div\n{\n  height:100%;\n  display:flex;\n    align-items:center;\n}\n\n.uc_photography_header .uc_container_text_box{ \n  text-align:left;\n}\n\n.uc_photography_header .uc_subtitle\n{\n  font-size:42px;\n}\n\n.uc_photography_header .uc_container_text_box a{\n\tborder-style:solid;\n\tdisplay:inline-block;\n}\n\n<\/style>\n\n<div class=\"uc_photography_header\" id=\"uc_transparent_split_hero_elementor_45a2aba\">    \t      \n  <div class=\"uc_container_text_box\">  \n  <div>\n        <h3 class=\"uc_title\">Information donation<\/h3>\n        <div class=\"uc_subtitle\"><\/div>\n        <div class=\"uc_text\"><\/div>\n        <a class=\"uc_btn\" href=\"\" ><\/a>\n    <\/div>\n  <\/div>\n<\/div>\n<!-- end Transparent Split Hero -->\t\t\t\t<\/div>\n\t\t\t\t<\/div>\n\t\t\t\t\t<\/div>\n\t\t\t\t<\/div>\n\t\t<div class=\"elementor-element elementor-element-512acf2 e-flex e-con-boxed wpr-particle-no wpr-jarallax-no wpr-parallax-no wpr-sticky-section-no e-con e-parent\" data-id=\"512acf2\" data-element_type=\"container\" data-e-type=\"container\">\n\t\t\t\t\t<div class=\"e-con-inner\">\n\t\t\t\t\t<\/div>\n\t\t\t\t<\/div>\n\t\t<div class=\"elementor-element elementor-element-0081c19 e-flex e-con-boxed wpr-particle-no wpr-jarallax-no wpr-parallax-no wpr-sticky-section-no e-con e-parent\" data-id=\"0081c19\" data-element_type=\"container\" data-e-type=\"container\">\n\t\t\t\t\t<div class=\"e-con-inner\">\n\t\t\t\t<div class=\"elementor-element elementor-element-cecf682 elementor-widget elementor-widget-text-editor\" data-id=\"cecf682\" data-element_type=\"widget\" data-e-type=\"widget\" data-widget_type=\"text-editor.default\">\n\t\t\t\t<div class=\"elementor-widget-container\">\n\t\t\t\t\t\t\t\t\t<p><span style=\"color: #1e2d5e;\">Le Satsang de C\u00f4te d\u2019Ivoire vous remercie pour votre soutien sans faille \u00e0 la mission du Ma\u00eetre, au vahana et \u00e0 la structure RESA. C\u2019est gr\u00e2ce \u00e0 vos dons venant du c\u0153ur et votre g\u00e9n\u00e9rosit\u00e9 que nous avons pu toucher beaucoup de chercheurs \u00e0 travers les diff\u00e9rentes activit\u00e9s que le Satsang organise au fil des ann\u00e9es.<\/span><\/p><p><span style=\"color: #1e2d5e;\">Continuons de soutenir le satsang et ses activit\u00e9s pour nous permettre de toucher le maximum de chercheurs en exprimant notre \u00ab gratitude qui ouvre notre c\u0153ur \u00e0 l\u2019amour. \u00bb<\/span><\/p>\t\t\t\t\t\t\t\t<\/div>\n\t\t\t\t<\/div>\n\t\t\t\t\t<\/div>\n\t\t\t\t<\/div>\n\t\t<div class=\"elementor-element elementor-element-7846174 e-flex e-con-boxed wpr-particle-no wpr-jarallax-no wpr-parallax-no wpr-sticky-section-no e-con e-parent\" data-id=\"7846174\" data-element_type=\"container\" data-e-type=\"container\">\n\t\t\t\t\t<div class=\"e-con-inner\">\n\t\t<div class=\"elementor-element elementor-element-f9f456f e-con-full e-flex wpr-particle-no wpr-jarallax-no wpr-parallax-no wpr-sticky-section-no e-con e-parent\" data-id=\"f9f456f\" data-element_type=\"container\" data-e-type=\"container\">\n\t\t\t\t<div class=\"elementor-element elementor-element-6f5dd02 elementor-widget elementor-widget-image\" data-id=\"6f5dd02\" data-element_type=\"widget\" data-e-type=\"widget\" data-widget_type=\"image.default\">\n\t\t\t\t<div class=\"elementor-widget-container\">\n\t\t\t\t\t\t\t\t\t\t\t\t\t\t\t<img fetchpriority=\"high\" decoding=\"async\" width=\"1000\" height=\"940\" src=\"https:\/\/eckankar-ci.org\/wp-content\/uploads\/2023\/08\/star_07_color_I.png\" class=\"attachment-large size-large wp-image-3914\" alt=\"\" srcset=\"https:\/\/eckankar-ci.org\/wp-content\/uploads\/2023\/08\/star_07_color_I.png 1000w, https:\/\/eckankar-ci.org\/wp-content\/uploads\/2023\/08\/star_07_color_I-300x282.png 300w, https:\/\/eckankar-ci.org\/wp-content\/uploads\/2023\/08\/star_07_color_I-768x722.png 768w, https:\/\/eckankar-ci.org\/wp-content\/uploads\/2023\/08\/star_07_color_I-600x564.png 600w, https:\/\/eckankar-ci.org\/wp-content\/uploads\/2023\/08\/star_07_color_I-770x724.png 770w, https:\/\/eckankar-ci.org\/wp-content\/uploads\/2023\/08\/star_07_color_I-370x348.png 370w, https:\/\/eckankar-ci.org\/wp-content\/uploads\/2023\/08\/star_07_color_I-740x696.png 740w\" sizes=\"(max-width: 1000px) 100vw, 1000px\" \/>\t\t\t\t\t\t\t\t\t\t\t\t\t\t\t<\/div>\n\t\t\t\t<\/div>\n\t\t\t\t<\/div>\n\t\t<div class=\"elementor-element elementor-element-e55104c e-con-full e-flex wpr-particle-no wpr-jarallax-no wpr-parallax-no wpr-sticky-section-no e-con e-parent\" data-id=\"e55104c\" data-element_type=\"container\" data-e-type=\"container\">\n\t\t\t\t<div class=\"elementor-element elementor-element-643aef8 elementor-widget elementor-widget-text-editor\" data-id=\"643aef8\" data-element_type=\"widget\" data-e-type=\"widget\" data-widget_type=\"text-editor.default\">\n\t\t\t\t<div class=\"elementor-widget-container\">\n\t\t\t\t\t\t\t\t\t<p><span style=\"color: #1e2d5e;\">Pour vos dons mensuels, pour le vahana, pour la construction et vos dons exceptionnels,\u00a0veuillez contacter les services financiers du centre ECK de votre r\u00e9gion ou commune, ou le\u00a0centre ECK de la Riviera Palmeraie comme suit\u00a0:<\/span><\/p><ul><li><span style=\"color: #1e2d5e;\">Tous les dimanches de 09h00 \u00e0 13h00<\/span><\/li><li><span style=\"color: #1e2d5e;\">par transfert Orange money ou Wave au<strong> +225 07 79-13-72-29<\/strong><\/span><\/li><li><span style=\"color: #1e2d5e;\">par transfert MTN Money au<strong> +225 05 84-27-20-36.<\/strong><\/span><\/li><\/ul><p><span style=\"color: #1e2d5e;\">Avec Amour en ECK<\/span><\/p>\t\t\t\t\t\t\t\t<\/div>\n\t\t\t\t<\/div>\n\t\t\t\t<\/div>\n\t\t\t\t\t<\/div>\n\t\t\t\t<\/div>\n\t\t<div class=\"elementor-element elementor-element-e8615ea e-flex e-con-boxed wpr-particle-no wpr-jarallax-no wpr-parallax-no wpr-sticky-section-no e-con e-parent\" data-id=\"e8615ea\" data-element_type=\"container\" data-e-type=\"container\">\n\t\t\t\t\t<div class=\"e-con-inner\">\n\t\t\t\t\t<\/div>\n\t\t\t\t<\/div>\n\t\t\t\t<\/div>\n\t\t","protected":false},"excerpt":{"rendered":"<p>Information donation Le Satsang de C\u00f4te d\u2019Ivoire vous remercie pour votre soutien sans faille \u00e0 la mission du Ma\u00eetre, au vahana et \u00e0 la structure RESA. C\u2019est gr\u00e2ce \u00e0 vos dons venant du c\u0153ur et votre g\u00e9n\u00e9rosit\u00e9 que nous avons pu toucher beaucoup de chercheurs \u00e0 travers les diff\u00e9rentes activit\u00e9s que le Satsang organise au<\/p>\n","protected":false},"author":1,"featured_media":0,"parent":0,"menu_order":0,"comment_status":"closed","ping_status":"closed","template":"","meta":{"_acf_changed":false,"_eb_attr":"","_monsterinsights_skip_tracking":false,"_monsterinsights_sitenote_active":false,"_monsterinsights_sitenote_note":"","_monsterinsights_sitenote_category":0,"site-sidebar-layout":"no-sidebar","site-content-layout":"page-builder","ast-site-content-layout":"default","site-content-style":"default","site-sidebar-style":"default","ast-global-header-display":"","ast-banner-title-visibility":"","ast-main-header-display":"","ast-hfb-above-header-display":"","ast-hfb-below-header-display":"","ast-hfb-mobile-header-display":"","site-post-title":"disabled","ast-breadcrumbs-content":"","ast-featured-img":"disabled","footer-sml-layout":"","theme-transparent-header-meta":"","adv-header-id-meta":"","stick-header-meta":"","header-above-stick-meta":"","header-main-stick-meta":"","header-below-stick-meta":"","astra-migrate-meta-layouts":"default","ast-page-background-enabled":"default","ast-page-background-meta":{"desktop":{"background-color":"var(--ast-global-color-4)","background-image":"","background-repeat":"repeat","background-position":"center center","background-size":"auto","background-attachment":"scroll","background-type":"","background-media":"","overlay-type":"","overlay-color":"","overlay-opacity":"","overlay-gradient":""},"tablet":{"background-color":"","background-image":"","background-repeat":"repeat","background-position":"center center","background-size":"auto","background-attachment":"scroll","background-type":"","background-media":"","overlay-type":"","overlay-color":"","overlay-opacity":"","overlay-gradient":""},"mobile":{"background-color":"","background-image":"","background-repeat":"repeat","background-position":"center center","background-size":"auto","background-attachment":"scroll","background-type":"","background-media":"","overlay-type":"","overlay-color":"","overlay-opacity":"","overlay-gradient":""}},"ast-content-background-meta":{"desktop":{"background-color":"var(--ast-global-color-5)","background-image":"","background-repeat":"repeat","background-position":"center center","background-size":"auto","background-attachment":"scroll","background-type":"","background-media":"","overlay-type":"","overlay-color":"","overlay-opacity":"","overlay-gradient":""},"tablet":{"background-color":"var(--ast-global-color-5)","background-image":"","background-repeat":"repeat","background-position":"center center","background-size":"auto","background-attachment":"scroll","background-type":"","background-media":"","overlay-type":"","overlay-color":"","overlay-opacity":"","overlay-gradient":""},"mobile":{"background-color":"var(--ast-global-color-5)","background-image":"","background-repeat":"repeat","background-position":"center center","background-size":"auto","background-attachment":"scroll","background-type":"","background-media":"","overlay-type":"","overlay-color":"","overlay-opacity":"","overlay-gradient":""}},"_price":"","_stock":"","_tribe_ticket_header":"","_tribe_default_ticket_provider":"","_tribe_ticket_capacity":"0","_ticket_start_date":"","_ticket_end_date":"","_tribe_ticket_show_description":"","_tribe_ticket_show_not_going":false,"_tribe_ticket_use_global_stock":"","_tribe_ticket_global_stock_level":"","_global_stock_mode":"","_global_stock_cap":"","_tribe_rsvp_for_event":"","_tribe_ticket_going_count":"","_tribe_ticket_not_going_count":"","_tribe_tickets_list":"[]","_tribe_ticket_has_attendee_info_fields":false,"footnotes":"","_tec_slr_enabled":"","_tec_slr_layout":""},"class_list":["post-3841","page","type-page","status-publish","hentry"],"acf":[],"yoast_head":"<!-- This site is optimized with the Yoast SEO plugin v26.4 - https:\/\/yoast.com\/wordpress\/plugins\/seo\/ -->\n<title>Donation ECK -<\/title>\n<meta name=\"robots\" content=\"index, follow, max-snippet:-1, max-image-preview:large, max-video-preview:-1\" \/>\n<link rel=\"canonical\" href=\"https:\/\/eckankar-ci.org\/donation-eck\/\" \/>\n<meta property=\"og:locale\" content=\"fr_FR\" \/>\n<meta property=\"og:type\" content=\"article\" \/>\n<meta property=\"og:title\" content=\"Donation ECK -\" \/>\n<meta property=\"og:description\" content=\"Information donation Le Satsang de C\u00f4te d\u2019Ivoire vous remercie pour votre soutien sans faille \u00e0 la mission du Ma\u00eetre, au vahana et \u00e0 la structure RESA. C\u2019est gr\u00e2ce \u00e0 vos dons venant du c\u0153ur et votre g\u00e9n\u00e9rosit\u00e9 que nous avons pu toucher beaucoup de chercheurs \u00e0 travers les diff\u00e9rentes activit\u00e9s que le Satsang organise au\" \/>\n<meta property=\"og:url\" content=\"https:\/\/eckankar-ci.org\/donation-eck\/\" \/>\n<meta property=\"article:modified_time\" content=\"2023-08-06T15:02:06+00:00\" \/>\n<meta property=\"og:image\" content=\"https:\/\/eckankar-ci.org\/wp-content\/uploads\/2023\/08\/star_07_color_I.png\" \/>\n<meta name=\"twitter:card\" content=\"summary_large_image\" \/>\n<meta name=\"twitter:label1\" content=\"Dur\u00e9e de lecture estim\u00e9e\" \/>\n\t<meta name=\"twitter:data1\" content=\"1 minute\" \/>\n<script type=\"application\/ld+json\" class=\"yoast-schema-graph\">{\"@context\":\"https:\/\/schema.org\",\"@graph\":[{\"@type\":\"WebPage\",\"@id\":\"https:\/\/eckankar-ci.org\/donation-eck\/\",\"url\":\"https:\/\/eckankar-ci.org\/donation-eck\/\",\"name\":\"Donation ECK -\",\"isPartOf\":{\"@id\":\"https:\/\/eckankar-ci.org\/#website\"},\"primaryImageOfPage\":{\"@id\":\"https:\/\/eckankar-ci.org\/donation-eck\/#primaryimage\"},\"image\":{\"@id\":\"https:\/\/eckankar-ci.org\/donation-eck\/#primaryimage\"},\"thumbnailUrl\":\"https:\/\/eckankar-ci.org\/wp-content\/uploads\/2023\/08\/star_07_color_I.png\",\"datePublished\":\"2023-08-04T14:19:34+00:00\",\"dateModified\":\"2023-08-06T15:02:06+00:00\",\"breadcrumb\":{\"@id\":\"https:\/\/eckankar-ci.org\/donation-eck\/#breadcrumb\"},\"inLanguage\":\"fr-FR\",\"potentialAction\":[{\"@type\":\"ReadAction\",\"target\":[\"https:\/\/eckankar-ci.org\/donation-eck\/\"]}]},{\"@type\":\"ImageObject\",\"inLanguage\":\"fr-FR\",\"@id\":\"https:\/\/eckankar-ci.org\/donation-eck\/#primaryimage\",\"url\":\"https:\/\/eckankar-ci.org\/wp-content\/uploads\/2023\/08\/star_07_color_I.png\",\"contentUrl\":\"https:\/\/eckankar-ci.org\/wp-content\/uploads\/2023\/08\/star_07_color_I.png\",\"width\":1000,\"height\":940},{\"@type\":\"BreadcrumbList\",\"@id\":\"https:\/\/eckankar-ci.org\/donation-eck\/#breadcrumb\",\"itemListElement\":[{\"@type\":\"ListItem\",\"position\":1,\"name\":\"Accueil\",\"item\":\"https:\/\/eckankar-ci.org\/\"},{\"@type\":\"ListItem\",\"position\":2,\"name\":\"Donation ECK\"}]},{\"@type\":\"WebSite\",\"@id\":\"https:\/\/eckankar-ci.org\/#website\",\"url\":\"https:\/\/eckankar-ci.org\/\",\"name\":\"ECKANKAR COTE D'IVOIRE\",\"description\":\"\",\"publisher\":{\"@id\":\"https:\/\/eckankar-ci.org\/#organization\"},\"potentialAction\":[{\"@type\":\"SearchAction\",\"target\":{\"@type\":\"EntryPoint\",\"urlTemplate\":\"https:\/\/eckankar-ci.org\/?s={search_term_string}\"},\"query-input\":{\"@type\":\"PropertyValueSpecification\",\"valueRequired\":true,\"valueName\":\"search_term_string\"}}],\"inLanguage\":\"fr-FR\"},{\"@type\":\"Organization\",\"@id\":\"https:\/\/eckankar-ci.org\/#organization\",\"name\":\"ECKANKAR COTE D'IVOIRE\",\"url\":\"https:\/\/eckankar-ci.org\/\",\"logo\":{\"@type\":\"ImageObject\",\"inLanguage\":\"fr-FR\",\"@id\":\"https:\/\/eckankar-ci.org\/#\/schema\/logo\/image\/\",\"url\":\"https:\/\/eckankar-ci.org\/wp-content\/uploads\/2017\/11\/cropped-EK-Logo_Hrz_blue_gold_FINAL.png\",\"contentUrl\":\"https:\/\/eckankar-ci.org\/wp-content\/uploads\/2017\/11\/cropped-EK-Logo_Hrz_blue_gold_FINAL.png\",\"width\":689,\"height\":154,\"caption\":\"ECKANKAR COTE D'IVOIRE\"},\"image\":{\"@id\":\"https:\/\/eckankar-ci.org\/#\/schema\/logo\/image\/\"}}]}<\/script>\n<!-- \/ Yoast SEO plugin. -->","yoast_head_json":{"title":"Donation ECK -","robots":{"index":"index","follow":"follow","max-snippet":"max-snippet:-1","max-image-preview":"max-image-preview:large","max-video-preview":"max-video-preview:-1"},"canonical":"https:\/\/eckankar-ci.org\/donation-eck\/","og_locale":"fr_FR","og_type":"article","og_title":"Donation ECK -","og_description":"Information donation Le Satsang de C\u00f4te d\u2019Ivoire vous remercie pour votre soutien sans faille \u00e0 la mission du Ma\u00eetre, au vahana et \u00e0 la structure RESA. C\u2019est gr\u00e2ce \u00e0 vos dons venant du c\u0153ur et votre g\u00e9n\u00e9rosit\u00e9 que nous avons pu toucher beaucoup de chercheurs \u00e0 travers les diff\u00e9rentes activit\u00e9s que le Satsang organise au","og_url":"https:\/\/eckankar-ci.org\/donation-eck\/","article_modified_time":"2023-08-06T15:02:06+00:00","og_image":[{"url":"https:\/\/eckankar-ci.org\/wp-content\/uploads\/2023\/08\/star_07_color_I.png","type":"","width":"","height":""}],"twitter_card":"summary_large_image","twitter_misc":{"Dur\u00e9e de lecture estim\u00e9e":"1 minute"},"schema":{"@context":"https:\/\/schema.org","@graph":[{"@type":"WebPage","@id":"https:\/\/eckankar-ci.org\/donation-eck\/","url":"https:\/\/eckankar-ci.org\/donation-eck\/","name":"Donation ECK -","isPartOf":{"@id":"https:\/\/eckankar-ci.org\/#website"},"primaryImageOfPage":{"@id":"https:\/\/eckankar-ci.org\/donation-eck\/#primaryimage"},"image":{"@id":"https:\/\/eckankar-ci.org\/donation-eck\/#primaryimage"},"thumbnailUrl":"https:\/\/eckankar-ci.org\/wp-content\/uploads\/2023\/08\/star_07_color_I.png","datePublished":"2023-08-04T14:19:34+00:00","dateModified":"2023-08-06T15:02:06+00:00","breadcrumb":{"@id":"https:\/\/eckankar-ci.org\/donation-eck\/#breadcrumb"},"inLanguage":"fr-FR","potentialAction":[{"@type":"ReadAction","target":["https:\/\/eckankar-ci.org\/donation-eck\/"]}]},{"@type":"ImageObject","inLanguage":"fr-FR","@id":"https:\/\/eckankar-ci.org\/donation-eck\/#primaryimage","url":"https:\/\/eckankar-ci.org\/wp-content\/uploads\/2023\/08\/star_07_color_I.png","contentUrl":"https:\/\/eckankar-ci.org\/wp-content\/uploads\/2023\/08\/star_07_color_I.png","width":1000,"height":940},{"@type":"BreadcrumbList","@id":"https:\/\/eckankar-ci.org\/donation-eck\/#breadcrumb","itemListElement":[{"@type":"ListItem","position":1,"name":"Accueil","item":"https:\/\/eckankar-ci.org\/"},{"@type":"ListItem","position":2,"name":"Donation ECK"}]},{"@type":"WebSite","@id":"https:\/\/eckankar-ci.org\/#website","url":"https:\/\/eckankar-ci.org\/","name":"ECKANKAR COTE D'IVOIRE","description":"","publisher":{"@id":"https:\/\/eckankar-ci.org\/#organization"},"potentialAction":[{"@type":"SearchAction","target":{"@type":"EntryPoint","urlTemplate":"https:\/\/eckankar-ci.org\/?s={search_term_string}"},"query-input":{"@type":"PropertyValueSpecification","valueRequired":true,"valueName":"search_term_string"}}],"inLanguage":"fr-FR"},{"@type":"Organization","@id":"https:\/\/eckankar-ci.org\/#organization","name":"ECKANKAR COTE D'IVOIRE","url":"https:\/\/eckankar-ci.org\/","logo":{"@type":"ImageObject","inLanguage":"fr-FR","@id":"https:\/\/eckankar-ci.org\/#\/schema\/logo\/image\/","url":"https:\/\/eckankar-ci.org\/wp-content\/uploads\/2017\/11\/cropped-EK-Logo_Hrz_blue_gold_FINAL.png","contentUrl":"https:\/\/eckankar-ci.org\/wp-content\/uploads\/2017\/11\/cropped-EK-Logo_Hrz_blue_gold_FINAL.png","width":689,"height":154,"caption":"ECKANKAR COTE D'IVOIRE"},"image":{"@id":"https:\/\/eckankar-ci.org\/#\/schema\/logo\/image\/"}}]}},"ticketed":false,"_links":{"self":[{"href":"https:\/\/eckankar-ci.org\/wp-json\/wp\/v2\/pages\/3841","targetHints":{"allow":["GET"]}}],"collection":[{"href":"https:\/\/eckankar-ci.org\/wp-json\/wp\/v2\/pages"}],"about":[{"href":"https:\/\/eckankar-ci.org\/wp-json\/wp\/v2\/types\/page"}],"author":[{"embeddable":true,"href":"https:\/\/eckankar-ci.org\/wp-json\/wp\/v2\/users\/1"}],"replies":[{"embeddable":true,"href":"https:\/\/eckankar-ci.org\/wp-json\/wp\/v2\/comments?post=3841"}],"version-history":[{"count":37,"href":"https:\/\/eckankar-ci.org\/wp-json\/wp\/v2\/pages\/3841\/revisions"}],"predecessor-version":[{"id":4000,"href":"https:\/\/eckankar-ci.org\/wp-json\/wp\/v2\/pages\/3841\/revisions\/4000"}],"wp:attachment":[{"href":"https:\/\/eckankar-ci.org\/wp-json\/wp\/v2\/media?parent=3841"}],"curies":[{"name":"wp","href":"https:\/\/api.w.org\/{rel}","templated":true}]}}