{"id":41,"date":"2017-11-09T15:36:23","date_gmt":"2017-11-09T15:36:23","guid":{"rendered":"https:\/\/eckankar-ci.org\/?page_id=41"},"modified":"2023-04-23T20:33:52","modified_gmt":"2023-04-23T18:33:52","slug":"our-events","status":"publish","type":"page","link":"https:\/\/eckankar-ci.org\/our-events\/","title":{"rendered":"\u00c9v\u00e9nements ECK de l\u2019Aventure de l\u2019\u00c2me"},"content":{"rendered":"\t\t<div data-elementor-type=\"wp-page\" data-elementor-id=\"41\" class=\"elementor elementor-41\">\n\t\t\t\t<div class=\"elementor-element elementor-element-d9db3cc e-flex e-con-boxed wpr-particle-no wpr-jarallax-no wpr-parallax-no wpr-sticky-section-no e-con e-parent\" data-id=\"d9db3cc\" data-element_type=\"container\" data-e-type=\"container\">\n\t\t\t\t\t<div class=\"e-con-inner\">\n\t\t<div class=\"elementor-element elementor-element-636ad7c e-flex e-con-boxed wpr-particle-no wpr-jarallax-no wpr-parallax-no wpr-sticky-section-no e-con e-parent\" data-id=\"636ad7c\" data-element_type=\"container\" data-e-type=\"container\">\n\t\t\t\t\t<div class=\"e-con-inner\">\n\t\t\t\t<div class=\"elementor-element elementor-element-7c5b9a6 elementor-widget elementor-widget-ucaddon_transparent_split_hero\" data-id=\"7c5b9a6\" data-element_type=\"widget\" data-e-type=\"widget\" data-widget_type=\"ucaddon_transparent_split_hero.default\">\n\t\t\t\t<div class=\"elementor-widget-container\">\n\t\t\t\t\t\n<!-- start Transparent Split Hero -->\n\t\t<link id='uc_ac_assets_file_uc_photography_header_css_0-css' href='https:\/\/eckankar-ci.org\/wp-content\/uploads\/ac_assets\/uc_photography_header\/uc_photography_header.css' type='text\/css' rel='stylesheet' >\n\n<style>\/* widget: Transparent Split Hero *\/\n\n.uc_photography_header *{\n\tmargin:0;\n\tpadding:0;\n\t-webkit-box-sizing: border-box;\n\t-moz-box-sizing: border-box;\n\tbox-sizing: border-box;\n\t\n}\n#uc_transparent_split_hero_elementor_7c5b9a6\n{\n\tposition:relative;\n\twidth:100%;\n    background-position:center;\n    background-size:cover;\n    background-image:url(https:\/\/eckankar-ci.org\/wp-content\/uploads\/2023\/04\/Soul-Adventure-BKG.webp);\n    display:flex;\n    overflow:hidden;\n    \n}\n\n#uc_transparent_split_hero_elementor_7c5b9a6 > div\n{\n  height:100%;\n  display:flex;\n    align-items:center;\n}\n\n.uc_photography_header .uc_container_text_box{ \n  text-align:left;\n}\n\n.uc_photography_header .uc_subtitle\n{\n  font-size:42px;\n}\n\n.uc_photography_header .uc_container_text_box a{\n\tborder-style:solid;\n\tdisplay:inline-block;\n}\n\n<\/style>\n\n<div class=\"uc_photography_header\" id=\"uc_transparent_split_hero_elementor_7c5b9a6\">    \t      \n  <div class=\"uc_container_text_box\">  \n  <div>\n        <h3 class=\"uc_title\">Activit\u00e9s ECK de l'Aventure de l'Ame<\/h3>\n        <div class=\"uc_subtitle\"><\/div>\n        <div class=\"uc_text\"><\/div>\n        <a class=\"uc_btn\" href=\"\" ><\/a>\n    <\/div>\n  <\/div>\n<\/div>\n<!-- end Transparent Split Hero -->\t\t\t\t<\/div>\n\t\t\t\t<\/div>\n\t\t\t\t\t<\/div>\n\t\t\t\t<\/div>\n\t\t\t\t\t<\/div>\n\t\t\t\t<\/div>\n\t\t<div class=\"elementor-element elementor-element-a4ef7ad e-flex e-con-boxed wpr-particle-no wpr-jarallax-no wpr-parallax-no wpr-sticky-section-no e-con e-parent\" data-id=\"a4ef7ad\" data-element_type=\"container\" data-e-type=\"container\" data-settings=\"{&quot;background_background&quot;:&quot;classic&quot;}\">\n\t\t\t\t\t<div class=\"e-con-inner\">\n\t\t\t\t<div class=\"elementor-element elementor-element-721b8c0 elementor-widget elementor-widget-shortcode\" data-id=\"721b8c0\" data-element_type=\"widget\" data-e-type=\"widget\" data-widget_type=\"shortcode.default\">\n\t\t\t\t<div class=\"elementor-widget-container\">\n\t\t\t\t\t\t\t<div class=\"elementor-shortcode\"><div class=\"mec-wrap mec-skin-list-container  \" id=\"mec_skin_3327\">\n\n    \n        <div class=\"mec-skin-list-events-container\" id=\"mec_skin_events_3327\">\n        Aucun \u00e9v\u00e9nement trouv\u00e9 !    <\/div>\n    \n    \n<\/div>\n<\/div>\n\t\t\t\t\t\t<\/div>\n\t\t\t\t<\/div>\n\t\t\t\t\t<\/div>\n\t\t\t\t<\/div>\n\t\t\t\t<\/div>\n\t\t","protected":false},"excerpt":{"rendered":"<p>Activit\u00e9s ECK de l&#8217;Aventure de l&#8217;Ame<\/p>\n","protected":false},"author":1,"featured_media":0,"parent":0,"menu_order":0,"comment_status":"closed","ping_status":"closed","template":"","meta":{"_acf_changed":false,"_eb_attr":"","_monsterinsights_skip_tracking":false,"_monsterinsights_sitenote_active":false,"_monsterinsights_sitenote_note":"","_monsterinsights_sitenote_category":0,"site-sidebar-layout":"no-sidebar","site-content-layout":"plain-container","ast-site-content-layout":"default","site-content-style":"default","site-sidebar-style":"default","ast-global-header-display":"","ast-banner-title-visibility":"","ast-main-header-display":"","ast-hfb-above-header-display":"","ast-hfb-below-header-display":"","ast-hfb-mobile-header-display":"","site-post-title":"disabled","ast-breadcrumbs-content":"","ast-featured-img":"disabled","footer-sml-layout":"","theme-transparent-header-meta":"","adv-header-id-meta":"","stick-header-meta":"","header-above-stick-meta":"","header-main-stick-meta":"","header-below-stick-meta":"","astra-migrate-meta-layouts":"default","ast-page-background-enabled":"default","ast-page-background-meta":{"desktop":{"background-color":"var(--ast-global-color-4)","background-image":"","background-repeat":"repeat","background-position":"center center","background-size":"auto","background-attachment":"scroll","background-type":"","background-media":"","overlay-type":"","overlay-color":"","overlay-opacity":"","overlay-gradient":""},"tablet":{"background-color":"","background-image":"","background-repeat":"repeat","background-position":"center center","background-size":"auto","background-attachment":"scroll","background-type":"","background-media":"","overlay-type":"","overlay-color":"","overlay-opacity":"","overlay-gradient":""},"mobile":{"background-color":"","background-image":"","background-repeat":"repeat","background-position":"center center","background-size":"auto","background-attachment":"scroll","background-type":"","background-media":"","overlay-type":"","overlay-color":"","overlay-opacity":"","overlay-gradient":""}},"ast-content-background-meta":{"desktop":{"background-color":"var(--ast-global-color-5)","background-image":"","background-repeat":"repeat","background-position":"center center","background-size":"auto","background-attachment":"scroll","background-type":"","background-media":"","overlay-type":"","overlay-color":"","overlay-opacity":"","overlay-gradient":""},"tablet":{"background-color":"var(--ast-global-color-5)","background-image":"","background-repeat":"repeat","background-position":"center center","background-size":"auto","background-attachment":"scroll","background-type":"","background-media":"","overlay-type":"","overlay-color":"","overlay-opacity":"","overlay-gradient":""},"mobile":{"background-color":"var(--ast-global-color-5)","background-image":"","background-repeat":"repeat","background-position":"center center","background-size":"auto","background-attachment":"scroll","background-type":"","background-media":"","overlay-type":"","overlay-color":"","overlay-opacity":"","overlay-gradient":""}},"_price":"","_stock":"","_tribe_ticket_header":"","_tribe_default_ticket_provider":"","_tribe_ticket_capacity":"0","_ticket_start_date":"","_ticket_end_date":"","_tribe_ticket_show_description":"","_tribe_ticket_show_not_going":false,"_tribe_ticket_use_global_stock":"","_tribe_ticket_global_stock_level":"","_global_stock_mode":"","_global_stock_cap":"","_tribe_rsvp_for_event":"","_tribe_ticket_going_count":"","_tribe_ticket_not_going_count":"","_tribe_tickets_list":"[]","_tribe_ticket_has_attendee_info_fields":false,"footnotes":"","_tec_slr_enabled":"","_tec_slr_layout":""},"class_list":["post-41","page","type-page","status-publish","hentry"],"acf":[],"yoast_head":"<!-- This site is optimized with the Yoast SEO plugin v26.4 - https:\/\/yoast.com\/wordpress\/plugins\/seo\/ -->\n<title>\u00c9v\u00e9nements ECK de l\u2019Aventure de l\u2019\u00c2me -<\/title>\n<meta name=\"robots\" content=\"index, follow, max-snippet:-1, max-image-preview:large, max-video-preview:-1\" \/>\n<link rel=\"canonical\" href=\"https:\/\/eckankar-ci.org\/our-events\/\" \/>\n<meta property=\"og:locale\" content=\"fr_FR\" \/>\n<meta property=\"og:type\" content=\"article\" \/>\n<meta property=\"og:title\" content=\"\u00c9v\u00e9nements ECK de l\u2019Aventure de l\u2019\u00c2me -\" \/>\n<meta property=\"og:description\" content=\"Activit\u00e9s ECK de l&#8217;Aventure de l&#8217;Ame\" \/>\n<meta property=\"og:url\" content=\"https:\/\/eckankar-ci.org\/our-events\/\" \/>\n<meta property=\"article:modified_time\" content=\"2023-04-23T18:33:52+00:00\" \/>\n<meta name=\"twitter:card\" content=\"summary_large_image\" \/>\n<script type=\"application\/ld+json\" class=\"yoast-schema-graph\">{\"@context\":\"https:\/\/schema.org\",\"@graph\":[{\"@type\":\"WebPage\",\"@id\":\"https:\/\/eckankar-ci.org\/our-events\/\",\"url\":\"https:\/\/eckankar-ci.org\/our-events\/\",\"name\":\"\u00c9v\u00e9nements ECK de l\u2019Aventure de l\u2019\u00c2me -\",\"isPartOf\":{\"@id\":\"https:\/\/eckankar-ci.org\/#website\"},\"datePublished\":\"2017-11-09T15:36:23+00:00\",\"dateModified\":\"2023-04-23T18:33:52+00:00\",\"breadcrumb\":{\"@id\":\"https:\/\/eckankar-ci.org\/our-events\/#breadcrumb\"},\"inLanguage\":\"fr-FR\",\"potentialAction\":[{\"@type\":\"ReadAction\",\"target\":[\"https:\/\/eckankar-ci.org\/our-events\/\"]}]},{\"@type\":\"BreadcrumbList\",\"@id\":\"https:\/\/eckankar-ci.org\/our-events\/#breadcrumb\",\"itemListElement\":[{\"@type\":\"ListItem\",\"position\":1,\"name\":\"Accueil\",\"item\":\"https:\/\/eckankar-ci.org\/\"},{\"@type\":\"ListItem\",\"position\":2,\"name\":\"\u00c9v\u00e9nements ECK de l\u2019Aventure de l\u2019\u00c2me\"}]},{\"@type\":\"WebSite\",\"@id\":\"https:\/\/eckankar-ci.org\/#website\",\"url\":\"https:\/\/eckankar-ci.org\/\",\"name\":\"ECKANKAR COTE D'IVOIRE\",\"description\":\"\",\"publisher\":{\"@id\":\"https:\/\/eckankar-ci.org\/#organization\"},\"potentialAction\":[{\"@type\":\"SearchAction\",\"target\":{\"@type\":\"EntryPoint\",\"urlTemplate\":\"https:\/\/eckankar-ci.org\/?s={search_term_string}\"},\"query-input\":{\"@type\":\"PropertyValueSpecification\",\"valueRequired\":true,\"valueName\":\"search_term_string\"}}],\"inLanguage\":\"fr-FR\"},{\"@type\":\"Organization\",\"@id\":\"https:\/\/eckankar-ci.org\/#organization\",\"name\":\"ECKANKAR COTE D'IVOIRE\",\"url\":\"https:\/\/eckankar-ci.org\/\",\"logo\":{\"@type\":\"ImageObject\",\"inLanguage\":\"fr-FR\",\"@id\":\"https:\/\/eckankar-ci.org\/#\/schema\/logo\/image\/\",\"url\":\"https:\/\/eckankar-ci.org\/wp-content\/uploads\/2017\/11\/cropped-EK-Logo_Hrz_blue_gold_FINAL.png\",\"contentUrl\":\"https:\/\/eckankar-ci.org\/wp-content\/uploads\/2017\/11\/cropped-EK-Logo_Hrz_blue_gold_FINAL.png\",\"width\":689,\"height\":154,\"caption\":\"ECKANKAR COTE D'IVOIRE\"},\"image\":{\"@id\":\"https:\/\/eckankar-ci.org\/#\/schema\/logo\/image\/\"}}]}<\/script>\n<!-- \/ Yoast SEO plugin. -->","yoast_head_json":{"title":"\u00c9v\u00e9nements ECK de l\u2019Aventure de l\u2019\u00c2me -","robots":{"index":"index","follow":"follow","max-snippet":"max-snippet:-1","max-image-preview":"max-image-preview:large","max-video-preview":"max-video-preview:-1"},"canonical":"https:\/\/eckankar-ci.org\/our-events\/","og_locale":"fr_FR","og_type":"article","og_title":"\u00c9v\u00e9nements ECK de l\u2019Aventure de l\u2019\u00c2me -","og_description":"Activit\u00e9s ECK de l&#8217;Aventure de l&#8217;Ame","og_url":"https:\/\/eckankar-ci.org\/our-events\/","article_modified_time":"2023-04-23T18:33:52+00:00","twitter_card":"summary_large_image","schema":{"@context":"https:\/\/schema.org","@graph":[{"@type":"WebPage","@id":"https:\/\/eckankar-ci.org\/our-events\/","url":"https:\/\/eckankar-ci.org\/our-events\/","name":"\u00c9v\u00e9nements ECK de l\u2019Aventure de l\u2019\u00c2me -","isPartOf":{"@id":"https:\/\/eckankar-ci.org\/#website"},"datePublished":"2017-11-09T15:36:23+00:00","dateModified":"2023-04-23T18:33:52+00:00","breadcrumb":{"@id":"https:\/\/eckankar-ci.org\/our-events\/#breadcrumb"},"inLanguage":"fr-FR","potentialAction":[{"@type":"ReadAction","target":["https:\/\/eckankar-ci.org\/our-events\/"]}]},{"@type":"BreadcrumbList","@id":"https:\/\/eckankar-ci.org\/our-events\/#breadcrumb","itemListElement":[{"@type":"ListItem","position":1,"name":"Accueil","item":"https:\/\/eckankar-ci.org\/"},{"@type":"ListItem","position":2,"name":"\u00c9v\u00e9nements ECK de l\u2019Aventure de l\u2019\u00c2me"}]},{"@type":"WebSite","@id":"https:\/\/eckankar-ci.org\/#website","url":"https:\/\/eckankar-ci.org\/","name":"ECKANKAR COTE D'IVOIRE","description":"","publisher":{"@id":"https:\/\/eckankar-ci.org\/#organization"},"potentialAction":[{"@type":"SearchAction","target":{"@type":"EntryPoint","urlTemplate":"https:\/\/eckankar-ci.org\/?s={search_term_string}"},"query-input":{"@type":"PropertyValueSpecification","valueRequired":true,"valueName":"search_term_string"}}],"inLanguage":"fr-FR"},{"@type":"Organization","@id":"https:\/\/eckankar-ci.org\/#organization","name":"ECKANKAR COTE D'IVOIRE","url":"https:\/\/eckankar-ci.org\/","logo":{"@type":"ImageObject","inLanguage":"fr-FR","@id":"https:\/\/eckankar-ci.org\/#\/schema\/logo\/image\/","url":"https:\/\/eckankar-ci.org\/wp-content\/uploads\/2017\/11\/cropped-EK-Logo_Hrz_blue_gold_FINAL.png","contentUrl":"https:\/\/eckankar-ci.org\/wp-content\/uploads\/2017\/11\/cropped-EK-Logo_Hrz_blue_gold_FINAL.png","width":689,"height":154,"caption":"ECKANKAR COTE D'IVOIRE"},"image":{"@id":"https:\/\/eckankar-ci.org\/#\/schema\/logo\/image\/"}}]}},"ticketed":false,"_links":{"self":[{"href":"https:\/\/eckankar-ci.org\/wp-json\/wp\/v2\/pages\/41","targetHints":{"allow":["GET"]}}],"collection":[{"href":"https:\/\/eckankar-ci.org\/wp-json\/wp\/v2\/pages"}],"about":[{"href":"https:\/\/eckankar-ci.org\/wp-json\/wp\/v2\/types\/page"}],"author":[{"embeddable":true,"href":"https:\/\/eckankar-ci.org\/wp-json\/wp\/v2\/users\/1"}],"replies":[{"embeddable":true,"href":"https:\/\/eckankar-ci.org\/wp-json\/wp\/v2\/comments?post=41"}],"version-history":[{"count":206,"href":"https:\/\/eckankar-ci.org\/wp-json\/wp\/v2\/pages\/41\/revisions"}],"predecessor-version":[{"id":3373,"href":"https:\/\/eckankar-ci.org\/wp-json\/wp\/v2\/pages\/41\/revisions\/3373"}],"wp:attachment":[{"href":"https:\/\/eckankar-ci.org\/wp-json\/wp\/v2\/media?parent=41"}],"curies":[{"name":"wp","href":"https:\/\/api.w.org\/{rel}","templated":true}]}}