{"id":818,"date":"2019-04-13T12:12:50","date_gmt":"2019-04-13T12:12:50","guid":{"rendered":"https:\/\/eckankar-ci.org\/?page_id=818"},"modified":"2023-04-18T14:25:38","modified_gmt":"2023-04-18T12:25:38","slug":"privacy-policy","status":"publish","type":"page","link":"https:\/\/eckankar-ci.org\/privacy-policy\/","title":{"rendered":"Privacy Policy"},"content":{"rendered":"<section class=\"wpb-content-wrapper\"><p>[vc_row hide_bg_image_on_tablet=&#8221;&#8221; hide_bg_image_on_mobile=&#8221;&#8221; css=&#8221;.vc_custom_1527690588959{background-color: #f7f8f9 !important;}&#8221;][vc_column icons_position=&#8221;left&#8221;][\/vc_column][\/vc_row][vc_row hide_bg_image_on_tablet=&#8221;&#8221; hide_bg_image_on_mobile=&#8221;&#8221; css=&#8221;.vc_custom_1527690597112{background-color: #f7f8f9 !important;}&#8221;][vc_column icons_position=&#8221;left&#8221;][vc_empty_space height=&#8221;4em&#8221; hide_on_desktop=&#8221;&#8221; hide_on_notebook=&#8221;&#8221; hide_on_tablet=&#8221;&#8221; hide_on_mobile=&#8221;&#8221;][vc_column_text]<\/p>\n<p style=\"text-align: center;\"><strong>\u00a0<img decoding=\"async\" class=\"wp-image-2881 aligncenter\" src=\"https:\/\/eckankar-ci.org\/wp-content\/uploads\/2023\/04\/preloader.png\" alt=\"\" width=\"77\" height=\"77\" srcset=\"https:\/\/eckankar-ci.org\/wp-content\/uploads\/2023\/04\/preloader.png 200w, https:\/\/eckankar-ci.org\/wp-content\/uploads\/2023\/04\/preloader-150x150.png 150w, https:\/\/eckankar-ci.org\/wp-content\/uploads\/2023\/04\/preloader-100x100.png 100w, https:\/\/eckankar-ci.org\/wp-content\/uploads\/2023\/04\/preloader-75x75.png 75w\" sizes=\"(max-width: 77px) 100vw, 77px\" \/><\/strong><\/p>\n<h1 style=\"text-align: center;\">Politique de confidentialit\u00e9<\/h1>\n<p>Eckankar C\u00f4te d\u2019Ivoire s\u2019engage fermement \u00e0 respecter votre vie priv\u00e9e. Vous pouvez visiter notre site web eckankar-ci.org sans nous dire qui vous \u00eates ni donner de renseignements personnels. Les questions et r\u00e9ponses suivantes expliquent quand et comment ont lieu la collecte et l\u2019utilisation des renseignements personnels.<\/p>\n<h5>Quels renseignements personnels sont recueillis par Eckankar C\u00f4te d\u2019Ivoire\u00a0?<\/h5>\n<p>Eckankar C\u00f4te d\u2019Ivoire recueille des renseignements personnels, soit votre nom, adresse postale et \u00e9lectronique, num\u00e9ro de t\u00e9l\u00e9phone ou l\u2019information relative \u00e0 votre carte de cr\u00e9dit, si vous choisissez de la fournir de la mani\u00e8re suivante\u00a0:<\/p>\n<ul>\n<li>en vous inscrivant pour recevoir des courriels ou autres choses de la part de Eckankar C\u00f4te d\u2019Ivoire (aucune information relative \u00e0 la carte de cr\u00e9dit n\u2019est n\u00e9cessaire)\u00a0;<\/li>\n<\/ul>\n<p>{\u2022\u00a0\u00a0\u00a0\u00a0 en demandant un livre gratuit (aucune information relative \u00e0 la carte de cr\u00e9dit n\u2019est n\u00e9cessaire\u00a0;}<\/p>\n<ul>\n<li>en vous pr\u00e9inscrivant \u00e0 un congr\u00e8s ou \u00e0 une activit\u00e9 en ligne\u00a0;<\/li>\n<\/ul>\n<p>{\u2022\u00a0\u00a0\u00a0\u00a0 en faisant un don en ligne, ou}<\/p>\n<p>{\u2022\u00a0\u00a0\u00a0\u00a0 en demandant ou en renouvelant votre adh\u00e9sion \u00e0 Eckankar C\u00f4te d\u2019Ivoire}.<\/p>\n<p>Nous recevons \u00e9galement vos coordonn\u00e9es de l\u2019\u00c9glise m\u00e8re d\u2019Eckankar \u00e0 Chanhassen au Minnesota, si vous avez demand\u00e9 de l\u2019information sur des activit\u00e9s locales \u00e0 l\u2019\u00c9glise m\u00e8re ou si vous \u00eates membre d\u2019Eckankar.<\/p>\n<h5>Est-ce qu\u2019Eckankar C\u00f4te d\u2019Ivoire vend ou loue mes renseignements personnels\u00a0?<\/h5>\n<p>Absolument pas.<\/p>\n<h5>Vais-je recevoir des courriels non sollicit\u00e9s de la part d\u2019Eckankar C\u00f4te d\u2019Ivoire\u00a0?<\/h5>\n<p>Nous n\u2019envoyons pas de courriels non sollicit\u00e9s.<\/p>\n<p>Vous pouvez vous d\u00e9sabonner de nos courriels ou de ceux d\u2019Eckankar \u00e0 tout moment en cliquant sur le lien de d\u00e9sabonnement fourni dans le courriel.<\/p>\n<h5>Comment mes renseignements personnels sont-ils prot\u00e9g\u00e9s\u00a0?<\/h5>\n<p>Nous accordons une priorit\u00e9 absolue \u00e0 la protection des renseignements que vous nous communiquez.<\/p>\n<p>Nous prenons les mesures de s\u00e9curit\u00e9 appropri\u00e9es pour assurer la protection contre la perte, l\u2019utilisation abusive, l\u2019acc\u00e8s non autoris\u00e9, la modification, la divulgation ou la destruction de vos informations.<\/p>\n<h5>Combien de temps mes renseignements personnels sont-ils conserv\u00e9s\u00a0?<\/h5>\n<p>Eckankar C\u00f4te d\u2019Ivoire conserve vos renseignements aussi longtemps que n\u00e9cessaire aux fins d\u00e9crites dans la pr\u00e9sente politique de confidentialit\u00e9, pour traiter des demandes et, au besoin, pour se conformer aux obligations l\u00e9gales.<\/p>\n<h5>Est-ce que Eckankar C\u00f4te d\u2019Ivoire communique mes renseignements personnels \u00e0 des tiers\u00a0?<\/h5>\n<p>Eckankar C\u00f4te d\u2019Ivoire <strong>ne<\/strong> communique <strong>pas<\/strong> vos renseignements personnels \u00e0 des tiers, sauf dans le{s} cas suivant{s}\u00a0:<\/p>\n<ul>\n<li>Ces renseignements peuvent \u00eatre communiqu\u00e9s aux responsables autoris\u00e9s d\u2019Eckankar pour r\u00e9pondre \u00e0 vos demandes, g\u00e9rer les listes de contacts et coordonner les activit\u00e9s. Tous ces destinataires signent un accord sur la protection des donn\u00e9es et ne peuvent traiter vos donn\u00e9es personnelles qu\u2019aux fins indiqu\u00e9es dans la pr\u00e9sente politique de confidentialit\u00e9 et conform\u00e9ment \u00e0 la l\u00e9gislation locale.<\/li>\n<\/ul>\n<p>{\u2022\u00a0\u00a0\u00a0\u00a0 Les renseignements personnels peuvent \u00eatre communiqu\u00e9s selon les besoins \u00e0 des soci\u00e9t\u00e9s tierces dans le seul but de fournir des services qui nous aident \u00e0 r\u00e9pondre \u00e0 votre demande (par exemple, un processeur de carte de cr\u00e9dit ou une soci\u00e9t\u00e9 sp\u00e9cialis\u00e9e dans les services d\u2019envoi de courriels). Ces soci\u00e9t\u00e9s sont tenues par contrat d\u2019assurer une s\u00e9curit\u00e9 totale du traitement des renseignements personnels.}<\/p>\n<h5>Comment puis-je savoir si mes transactions en ligne sont s\u00e9curis\u00e9es\u00a0?<\/h5>\n<p>Quand vous effectuez une transaction s\u00e9curis\u00e9e, votre navigateur vous l\u2019indique de deux mani\u00e8res pr\u00e9cises. Lorsque vous acc\u00e9dez \u00e0 un formulaire, \u00ab\u00a0https\u00a0\u00bb appara\u00eet dans la barre d\u2019adresse de votre navigateur quand la connexion est s\u00e9curis\u00e9e. Quelque part dans la fen\u00eatre de votre navigateur, vous pouvez aussi voir une ic\u00f4ne en forme de cadenas. Ces indicateurs signalent que tous les renseignements saisis sur cette page seront crypt\u00e9s lorsque vous soumettez le formulaire (par exemple, en cliquant sur \u00ab\u00a0Soumettre\u00a0\u00bb, \u00ab\u00a0Envoyer\u00a0\u00bb ou \u00ab\u00a0Commander\u00a0\u00bb).}<\/p>\n<h5>Comment l\u2019information relative \u00e0 ma carte de cr\u00e9dit est-elle prot\u00e9g\u00e9e ?<\/h5>\n<p>Eckankar C\u00f4te d\u2019Ivoire assure la s\u00e9curit\u00e9 de vos donn\u00e9es gr\u00e2ce \u00e0 un cryptage de bout en bout et au d\u00e9coupage lexical ou tok\u00e9nisation.}<\/p>\n<p>{Notre processeur de carte de cr\u00e9dit, [Nom du processeur de carte de cr\u00e9dit], est l\u00e9galement responsable de la s\u00e9curit\u00e9 des donn\u00e9es des titulaires de carte.}<\/p>\n<p>{Nous ne recevons aucune donn\u00e9e de carte de cr\u00e9dit pour les transactions effectu\u00e9es sur notre site web. Tous les paiements sont effectu\u00e9s par PayPal. Pour obtenir plus d\u2019information, consultez la <a href=\"https:\/\/www.paypal.com\/ca\/webapps\/mpp\/ua\/privacy-full?locale.x=fr_CA\">Politique de confidentialit\u00e9<\/a> de PayPal.}<\/p>\n<h5>Y a-t-il un traitement automatis\u00e9 des donn\u00e9es sur le site web d\u2019Eckankar C\u00f4te d\u2019Ivoire?<\/h5>\n<p><strong>Cookies<\/strong><\/p>\n<p>{Un cookie est un petit fichier texte qui est stock\u00e9 sur votre ordinateur lorsque vous visitez un site web.<\/p>\n<p>Les cookies d\u2019Eckankar C\u00f4te d\u2019Ivoire reconnaissent votre navigateur, qui envoie le cookie \u00e0 notre serveur web.<\/p>\n<p>Les cookies nous aident \u00e0 comprendre la fa\u00e7on dont vous utilisez notre site web. Il s\u2019agit d\u2019une information purement statistique, qui ne nous permet pas de conna\u00eetre vos renseignements personnels ou votre utilisation du web une fois que vous avez quitt\u00e9 le site d\u2019Eckankar C\u00f4te d\u2019Ivoire. Cette information nous aide \u00e0 offrir une meilleure exp\u00e9rience aux utilisateurs de notre site web.<\/p>\n<p>Un cookie ne nuit absolument pas \u00e0 votre ordinateur. Il ne peut pas propager de virus ni lire votre disque dur pour obtenir des renseignements vous concernant. Il s\u2019agit d\u2019un fichier texte que vous pouvez supprimer \u00e0 tout moment. Lorsque vous revisitez notre site web, nous n\u2019avons pas acc\u00e8s au cookie de votre visite pr\u00e9c\u00e9dente.<\/p>\n<p>Vous pouvez naviguer sur le site m\u00eame si vous d\u00e9sactivez les cookies dans votre navigateur (la plupart des navigateurs autorisent les cookies par d\u00e9faut). Toutefois, si vous voulez [nommez le type de transaction, par exemple \u00ab\u00a0effectuer un achat\u00a0\u00bb], les cookies doivent \u00eatre activ\u00e9s. Si vous pr\u00e9f\u00e9rez ne pas autoriser les cookies, vous devez nous contacter pour passer votre commande par t\u00e9l\u00e9phone, t\u00e9l\u00e9copie ou courrier.}<\/p>\n<h5>Registres d\u2019acc\u00e8s<\/h5>\n<p>Comme tous les serveurs web, notre serveur web cr\u00e9e automatiquement des registres d\u2019acc\u00e8s \u00e0 chaque visite de notre site. Ces registres mentionnent l\u2019heure de votre visite, le type de navigateur que vous utilisez, l\u2019adresse IP de l\u2019ordinateur qui vous sert \u00e0 visiter le site et la page web d\u2019o\u00f9 vous venez. {Nous analysons ces registres pour pouvoir am\u00e9liorer l\u2019exp\u00e9rience des utilisateurs. C\u2019est dans ce m\u00eame but que nous utilisons aussi Google Analytics.}<\/p>\n<p>L\u2019adresse IP n\u2019est associ\u00e9e \u00e0 aucun renseignement sur votre identit\u00e9, sauf si 1)\u00a0vous avez rempli des formulaires sur le site web ou 2)\u00a0qu\u2019une recherche soit n\u00e9cessaire pour retrouver l\u2019auteur d\u2019un \u00e9ventuel comportement nuisible ou ill\u00e9gal en rapport avec l\u2019utilisation de nos sites web ou encore pour des raisons de conformit\u00e9 l\u00e9gale.<\/p>\n<h5>Est-ce qu\u2019Eckankar C\u00f4te d\u2019Ivoire collecte des renseignements sur les enfants\u00a0?<\/h5>\n<p>Non, nous ne collectons pas sciemment de renseignements aupr\u00e8s de visiteurs \u00e2g\u00e9s de moins de 17\u00a0ans. Si vous pensez que votre enfant a fourni \u00e0 Eckankar C\u00f4te d\u2019Ivoire des renseignements personnels sans votre autorisation, veuillez nous contacter afin que ces renseignements soient supprim\u00e9s.<\/p>\n<h5>Sur quelles bases collectez-vous et utilisez-vous mes renseignements personnels\u00a0?<\/h5>\n<ul>\n<li>Votre consentement \u00e0 ce que nous puissions vous informer des nouveaut\u00e9s et des activit\u00e9s d\u2019Eckankar.<\/li>\n<li>Pour r\u00e9pondre \u00e0 vos demandes et pour les transactions, au besoin.<\/li>\n<li>En tant qu\u2019organisation religieuse et \u00c9glise \u00e0 but non lucratif, pour g\u00e9rer les dossiers des membres et les questions qui les concernent.<\/li>\n<li>Si la loi l\u2019exige ou si une proc\u00e9dure judiciaire ou toute autre obligation l\u00e9gale est en cours.<\/li>\n<li>Lorsqu\u2019il est n\u00e9cessaire de prot\u00e9ger vos int\u00e9r\u00eats vitaux ou ceux d\u2019une autre personne.<\/li>\n<\/ul>\n<h5>Quels sont mes droits concernant les renseignements personnels que je donne \u00e0 Eckankar C\u00f4te d\u2019Ivoire\u00a0?<\/h5>\n<p>Eckankar C\u00f4te d\u2019Ivoire vous offre un acc\u00e8s raisonnable aux renseignements personnels que vous nous avez communiqu\u00e9s ainsi que la possibilit\u00e9 d\u2019examiner, de modifier et de supprimer ces renseignements personnels dans la mesure o\u00f9 la loi s\u2019applique.<\/p>\n<h5>Qui dois-je contacter pour toute question ou demande concernant la confidentialit\u00e9 ?<\/h5>\n<p>Eckankar C\u00f4te d\u2019Ivoire<\/p>\n<p>Objet\u00a0: Questions sur la confidentialit\u00e9<\/p>\n<p>[06 B.P. 223 Abidjan 06]<\/p>\n<p>[contact@eckankar-ci.org]<\/p>\n<p>[+225 07 09 48 71 60 ][\/vc_column_text][\/vc_column][\/vc_row][vc_row][vc_column icons_position=&#8221;left&#8221;][vc_empty_space][\/vc_column][\/vc_row]<\/p>\n<\/section>","protected":false},"excerpt":{"rendered":"<p>[vc_row hide_bg_image_on_tablet=&#8221;&#8221; hide_bg_image_on_mobile=&#8221;&#8221; css=&#8221;.vc_custom_1527690588959{background-color: #f7f8f9 !important;}&#8221;][vc_column icons_position=&#8221;left&#8221;][\/vc_column][\/vc_row][vc_row hide_bg_image_on_tablet=&#8221;&#8221; hide_bg_image_on_mobile=&#8221;&#8221; css=&#8221;.vc_custom_1527690597112{background-color: #f7f8f9 !important;}&#8221;][vc_column icons_position=&#8221;left&#8221;][vc_empty_space height=&#8221;4em&#8221; hide_on_desktop=&#8221;&#8221; hide_on_notebook=&#8221;&#8221; hide_on_tablet=&#8221;&#8221; hide_on_mobile=&#8221;&#8221;][vc_column_text] \u00a0 Politique de confidentialit\u00e9 Eckankar C\u00f4te d\u2019Ivoire s\u2019engage fermement \u00e0 respecter votre vie priv\u00e9e. Vous pouvez visiter notre site web eckankar-ci.org sans nous dire qui vous \u00eates ni donner de renseignements personnels. Les questions et r\u00e9ponses suivantes<\/p>\n","protected":false},"author":1,"featured_media":0,"parent":0,"menu_order":0,"comment_status":"closed","ping_status":"closed","template":"","meta":{"_acf_changed":false,"_eb_attr":"","_monsterinsights_skip_tracking":false,"_monsterinsights_sitenote_active":false,"_monsterinsights_sitenote_note":"","_monsterinsights_sitenote_category":0,"site-sidebar-layout":"no-sidebar","site-content-layout":"plain-container","ast-site-content-layout":"default","site-content-style":"default","site-sidebar-style":"default","ast-global-header-display":"","ast-banner-title-visibility":"","ast-main-header-display":"","ast-hfb-above-header-display":"","ast-hfb-below-header-display":"","ast-hfb-mobile-header-display":"","site-post-title":"disabled","ast-breadcrumbs-content":"","ast-featured-img":"disabled","footer-sml-layout":"","theme-transparent-header-meta":"default","adv-header-id-meta":"","stick-header-meta":"","header-above-stick-meta":"","header-main-stick-meta":"","header-below-stick-meta":"","astra-migrate-meta-layouts":"default","ast-page-background-enabled":"default","ast-page-background-meta":{"desktop":{"background-color":"var(--ast-global-color-4)","background-image":"","background-repeat":"repeat","background-position":"center center","background-size":"auto","background-attachment":"scroll","background-type":"","background-media":"","overlay-type":"","overlay-color":"","overlay-opacity":"","overlay-gradient":""},"tablet":{"background-color":"","background-image":"","background-repeat":"repeat","background-position":"center center","background-size":"auto","background-attachment":"scroll","background-type":"","background-media":"","overlay-type":"","overlay-color":"","overlay-opacity":"","overlay-gradient":""},"mobile":{"background-color":"","background-image":"","background-repeat":"repeat","background-position":"center center","background-size":"auto","background-attachment":"scroll","background-type":"","background-media":"","overlay-type":"","overlay-color":"","overlay-opacity":"","overlay-gradient":""}},"ast-content-background-meta":{"desktop":{"background-color":"var(--ast-global-color-5)","background-image":"","background-repeat":"repeat","background-position":"center center","background-size":"auto","background-attachment":"scroll","background-type":"","background-media":"","overlay-type":"","overlay-color":"","overlay-opacity":"","overlay-gradient":""},"tablet":{"background-color":"var(--ast-global-color-5)","background-image":"","background-repeat":"repeat","background-position":"center center","background-size":"auto","background-attachment":"scroll","background-type":"","background-media":"","overlay-type":"","overlay-color":"","overlay-opacity":"","overlay-gradient":""},"mobile":{"background-color":"var(--ast-global-color-5)","background-image":"","background-repeat":"repeat","background-position":"center center","background-size":"auto","background-attachment":"scroll","background-type":"","background-media":"","overlay-type":"","overlay-color":"","overlay-opacity":"","overlay-gradient":""}},"_price":"","_stock":"","_tribe_ticket_header":"","_tribe_default_ticket_provider":"","_tribe_ticket_capacity":"0","_ticket_start_date":"","_ticket_end_date":"","_tribe_ticket_show_description":"","_tribe_ticket_show_not_going":false,"_tribe_ticket_use_global_stock":"","_tribe_ticket_global_stock_level":"","_global_stock_mode":"","_global_stock_cap":"","_tribe_rsvp_for_event":"","_tribe_ticket_going_count":"","_tribe_ticket_not_going_count":"","_tribe_tickets_list":"[]","_tribe_ticket_has_attendee_info_fields":false,"footnotes":"","_tec_slr_enabled":"","_tec_slr_layout":""},"class_list":["post-818","page","type-page","status-publish","hentry"],"acf":[],"yoast_head":"<!-- This site is optimized with the Yoast SEO plugin v26.4 - https:\/\/yoast.com\/wordpress\/plugins\/seo\/ -->\n<title>Privacy Policy -<\/title>\n<meta name=\"robots\" content=\"index, follow, max-snippet:-1, max-image-preview:large, max-video-preview:-1\" \/>\n<link rel=\"canonical\" href=\"https:\/\/eckankar-ci.org\/privacy-policy\/\" \/>\n<meta property=\"og:locale\" content=\"fr_FR\" \/>\n<meta property=\"og:type\" content=\"article\" \/>\n<meta property=\"og:title\" content=\"Privacy Policy -\" \/>\n<meta property=\"og:description\" content=\"[vc_row hide_bg_image_on_tablet=&#8221;&#8221; hide_bg_image_on_mobile=&#8221;&#8221; css=&#8221;.vc_custom_1527690588959{background-color: #f7f8f9 !important;}&#8221;][vc_column icons_position=&#8221;left&#8221;][\/vc_column][\/vc_row][vc_row hide_bg_image_on_tablet=&#8221;&#8221; hide_bg_image_on_mobile=&#8221;&#8221; css=&#8221;.vc_custom_1527690597112{background-color: #f7f8f9 !important;}&#8221;][vc_column icons_position=&#8221;left&#8221;][vc_empty_space height=&#8221;4em&#8221; hide_on_desktop=&#8221;&#8221; hide_on_notebook=&#8221;&#8221; hide_on_tablet=&#8221;&#8221; hide_on_mobile=&#8221;&#8221;][vc_column_text] \u00a0 Politique de confidentialit\u00e9 Eckankar C\u00f4te d\u2019Ivoire s\u2019engage fermement \u00e0 respecter votre vie priv\u00e9e. Vous pouvez visiter notre site web eckankar-ci.org sans nous dire qui vous \u00eates ni donner de renseignements personnels. Les questions et r\u00e9ponses suivantes\" \/>\n<meta property=\"og:url\" content=\"https:\/\/eckankar-ci.org\/privacy-policy\/\" \/>\n<meta property=\"article:modified_time\" content=\"2023-04-18T12:25:38+00:00\" \/>\n<meta property=\"og:image\" content=\"https:\/\/eckankar-ci.org\/wp-content\/uploads\/2023\/04\/preloader.png\" \/>\n<meta name=\"twitter:card\" content=\"summary_large_image\" \/>\n<meta name=\"twitter:label1\" content=\"Dur\u00e9e de lecture estim\u00e9e\" \/>\n\t<meta name=\"twitter:data1\" content=\"8 minutes\" \/>\n<script type=\"application\/ld+json\" class=\"yoast-schema-graph\">{\"@context\":\"https:\/\/schema.org\",\"@graph\":[{\"@type\":\"WebPage\",\"@id\":\"https:\/\/eckankar-ci.org\/privacy-policy\/\",\"url\":\"https:\/\/eckankar-ci.org\/privacy-policy\/\",\"name\":\"Privacy Policy -\",\"isPartOf\":{\"@id\":\"https:\/\/eckankar-ci.org\/#website\"},\"primaryImageOfPage\":{\"@id\":\"https:\/\/eckankar-ci.org\/privacy-policy\/#primaryimage\"},\"image\":{\"@id\":\"https:\/\/eckankar-ci.org\/privacy-policy\/#primaryimage\"},\"thumbnailUrl\":\"https:\/\/eckankar-ci.org\/wp-content\/uploads\/2023\/04\/preloader.png\",\"datePublished\":\"2019-04-13T12:12:50+00:00\",\"dateModified\":\"2023-04-18T12:25:38+00:00\",\"breadcrumb\":{\"@id\":\"https:\/\/eckankar-ci.org\/privacy-policy\/#breadcrumb\"},\"inLanguage\":\"fr-FR\",\"potentialAction\":[{\"@type\":\"ReadAction\",\"target\":[\"https:\/\/eckankar-ci.org\/privacy-policy\/\"]}]},{\"@type\":\"ImageObject\",\"inLanguage\":\"fr-FR\",\"@id\":\"https:\/\/eckankar-ci.org\/privacy-policy\/#primaryimage\",\"url\":\"https:\/\/eckankar-ci.org\/wp-content\/uploads\/2023\/04\/preloader.png\",\"contentUrl\":\"https:\/\/eckankar-ci.org\/wp-content\/uploads\/2023\/04\/preloader.png\",\"width\":200,\"height\":200},{\"@type\":\"BreadcrumbList\",\"@id\":\"https:\/\/eckankar-ci.org\/privacy-policy\/#breadcrumb\",\"itemListElement\":[{\"@type\":\"ListItem\",\"position\":1,\"name\":\"Accueil\",\"item\":\"https:\/\/eckankar-ci.org\/\"},{\"@type\":\"ListItem\",\"position\":2,\"name\":\"Privacy Policy\"}]},{\"@type\":\"WebSite\",\"@id\":\"https:\/\/eckankar-ci.org\/#website\",\"url\":\"https:\/\/eckankar-ci.org\/\",\"name\":\"ECKANKAR COTE D'IVOIRE\",\"description\":\"\",\"publisher\":{\"@id\":\"https:\/\/eckankar-ci.org\/#organization\"},\"potentialAction\":[{\"@type\":\"SearchAction\",\"target\":{\"@type\":\"EntryPoint\",\"urlTemplate\":\"https:\/\/eckankar-ci.org\/?s={search_term_string}\"},\"query-input\":{\"@type\":\"PropertyValueSpecification\",\"valueRequired\":true,\"valueName\":\"search_term_string\"}}],\"inLanguage\":\"fr-FR\"},{\"@type\":\"Organization\",\"@id\":\"https:\/\/eckankar-ci.org\/#organization\",\"name\":\"ECKANKAR COTE D'IVOIRE\",\"url\":\"https:\/\/eckankar-ci.org\/\",\"logo\":{\"@type\":\"ImageObject\",\"inLanguage\":\"fr-FR\",\"@id\":\"https:\/\/eckankar-ci.org\/#\/schema\/logo\/image\/\",\"url\":\"https:\/\/eckankar-ci.org\/wp-content\/uploads\/2017\/11\/cropped-EK-Logo_Hrz_blue_gold_FINAL.png\",\"contentUrl\":\"https:\/\/eckankar-ci.org\/wp-content\/uploads\/2017\/11\/cropped-EK-Logo_Hrz_blue_gold_FINAL.png\",\"width\":689,\"height\":154,\"caption\":\"ECKANKAR COTE D'IVOIRE\"},\"image\":{\"@id\":\"https:\/\/eckankar-ci.org\/#\/schema\/logo\/image\/\"}}]}<\/script>\n<!-- \/ Yoast SEO plugin. -->","yoast_head_json":{"title":"Privacy Policy -","robots":{"index":"index","follow":"follow","max-snippet":"max-snippet:-1","max-image-preview":"max-image-preview:large","max-video-preview":"max-video-preview:-1"},"canonical":"https:\/\/eckankar-ci.org\/privacy-policy\/","og_locale":"fr_FR","og_type":"article","og_title":"Privacy Policy -","og_description":"[vc_row hide_bg_image_on_tablet=&#8221;&#8221; hide_bg_image_on_mobile=&#8221;&#8221; css=&#8221;.vc_custom_1527690588959{background-color: #f7f8f9 !important;}&#8221;][vc_column icons_position=&#8221;left&#8221;][\/vc_column][\/vc_row][vc_row hide_bg_image_on_tablet=&#8221;&#8221; hide_bg_image_on_mobile=&#8221;&#8221; css=&#8221;.vc_custom_1527690597112{background-color: #f7f8f9 !important;}&#8221;][vc_column icons_position=&#8221;left&#8221;][vc_empty_space height=&#8221;4em&#8221; hide_on_desktop=&#8221;&#8221; hide_on_notebook=&#8221;&#8221; hide_on_tablet=&#8221;&#8221; hide_on_mobile=&#8221;&#8221;][vc_column_text] \u00a0 Politique de confidentialit\u00e9 Eckankar C\u00f4te d\u2019Ivoire s\u2019engage fermement \u00e0 respecter votre vie priv\u00e9e. Vous pouvez visiter notre site web eckankar-ci.org sans nous dire qui vous \u00eates ni donner de renseignements personnels. Les questions et r\u00e9ponses suivantes","og_url":"https:\/\/eckankar-ci.org\/privacy-policy\/","article_modified_time":"2023-04-18T12:25:38+00:00","og_image":[{"url":"https:\/\/eckankar-ci.org\/wp-content\/uploads\/2023\/04\/preloader.png","type":"","width":"","height":""}],"twitter_card":"summary_large_image","twitter_misc":{"Dur\u00e9e de lecture estim\u00e9e":"8 minutes"},"schema":{"@context":"https:\/\/schema.org","@graph":[{"@type":"WebPage","@id":"https:\/\/eckankar-ci.org\/privacy-policy\/","url":"https:\/\/eckankar-ci.org\/privacy-policy\/","name":"Privacy Policy -","isPartOf":{"@id":"https:\/\/eckankar-ci.org\/#website"},"primaryImageOfPage":{"@id":"https:\/\/eckankar-ci.org\/privacy-policy\/#primaryimage"},"image":{"@id":"https:\/\/eckankar-ci.org\/privacy-policy\/#primaryimage"},"thumbnailUrl":"https:\/\/eckankar-ci.org\/wp-content\/uploads\/2023\/04\/preloader.png","datePublished":"2019-04-13T12:12:50+00:00","dateModified":"2023-04-18T12:25:38+00:00","breadcrumb":{"@id":"https:\/\/eckankar-ci.org\/privacy-policy\/#breadcrumb"},"inLanguage":"fr-FR","potentialAction":[{"@type":"ReadAction","target":["https:\/\/eckankar-ci.org\/privacy-policy\/"]}]},{"@type":"ImageObject","inLanguage":"fr-FR","@id":"https:\/\/eckankar-ci.org\/privacy-policy\/#primaryimage","url":"https:\/\/eckankar-ci.org\/wp-content\/uploads\/2023\/04\/preloader.png","contentUrl":"https:\/\/eckankar-ci.org\/wp-content\/uploads\/2023\/04\/preloader.png","width":200,"height":200},{"@type":"BreadcrumbList","@id":"https:\/\/eckankar-ci.org\/privacy-policy\/#breadcrumb","itemListElement":[{"@type":"ListItem","position":1,"name":"Accueil","item":"https:\/\/eckankar-ci.org\/"},{"@type":"ListItem","position":2,"name":"Privacy Policy"}]},{"@type":"WebSite","@id":"https:\/\/eckankar-ci.org\/#website","url":"https:\/\/eckankar-ci.org\/","name":"ECKANKAR COTE D'IVOIRE","description":"","publisher":{"@id":"https:\/\/eckankar-ci.org\/#organization"},"potentialAction":[{"@type":"SearchAction","target":{"@type":"EntryPoint","urlTemplate":"https:\/\/eckankar-ci.org\/?s={search_term_string}"},"query-input":{"@type":"PropertyValueSpecification","valueRequired":true,"valueName":"search_term_string"}}],"inLanguage":"fr-FR"},{"@type":"Organization","@id":"https:\/\/eckankar-ci.org\/#organization","name":"ECKANKAR COTE D'IVOIRE","url":"https:\/\/eckankar-ci.org\/","logo":{"@type":"ImageObject","inLanguage":"fr-FR","@id":"https:\/\/eckankar-ci.org\/#\/schema\/logo\/image\/","url":"https:\/\/eckankar-ci.org\/wp-content\/uploads\/2017\/11\/cropped-EK-Logo_Hrz_blue_gold_FINAL.png","contentUrl":"https:\/\/eckankar-ci.org\/wp-content\/uploads\/2017\/11\/cropped-EK-Logo_Hrz_blue_gold_FINAL.png","width":689,"height":154,"caption":"ECKANKAR COTE D'IVOIRE"},"image":{"@id":"https:\/\/eckankar-ci.org\/#\/schema\/logo\/image\/"}}]}},"ticketed":false,"_links":{"self":[{"href":"https:\/\/eckankar-ci.org\/wp-json\/wp\/v2\/pages\/818","targetHints":{"allow":["GET"]}}],"collection":[{"href":"https:\/\/eckankar-ci.org\/wp-json\/wp\/v2\/pages"}],"about":[{"href":"https:\/\/eckankar-ci.org\/wp-json\/wp\/v2\/types\/page"}],"author":[{"embeddable":true,"href":"https:\/\/eckankar-ci.org\/wp-json\/wp\/v2\/users\/1"}],"replies":[{"embeddable":true,"href":"https:\/\/eckankar-ci.org\/wp-json\/wp\/v2\/comments?post=818"}],"version-history":[{"count":13,"href":"https:\/\/eckankar-ci.org\/wp-json\/wp\/v2\/pages\/818\/revisions"}],"predecessor-version":[{"id":5119,"href":"https:\/\/eckankar-ci.org\/wp-json\/wp\/v2\/pages\/818\/revisions\/5119"}],"wp:attachment":[{"href":"https:\/\/eckankar-ci.org\/wp-json\/wp\/v2\/media?parent=818"}],"curies":[{"name":"wp","href":"https:\/\/api.w.org\/{rel}","templated":true}]}}